{"id":616,"date":"2024-12-11T09:48:24","date_gmt":"2024-12-11T08:48:24","guid":{"rendered":"https:\/\/www.mosel-tueren.de\/?page_id=616"},"modified":"2025-01-23T11:11:26","modified_gmt":"2025-01-23T10:11:26","slug":"mention-legales","status":"publish","type":"page","link":"https:\/\/www.mosel-tueren.de\/fr\/mention-legales\/","title":{"rendered":"Mentions l\u00e9gales"},"content":{"rendered":"<div class=\"wp-block-group alignfull tape-bottom has-tertiary-super-light-background-color has-background has-global-padding is-layout-constrained wp-block-group-is-layout-constrained\" style=\"margin-bottom:var(--wp--preset--spacing--50);padding-top:var(--wp--preset--spacing--40);padding-bottom:var(--wp--preset--spacing--40)\">\n<h1 class=\"wp-block-heading has-text-align-center\">Mentions l\u00e9gales<\/h1>\n<\/div>\n\n\n\n\n\n<div class=\"wp-block-group has-global-padding is-layout-constrained wp-block-group-is-layout-constrained\">\n<h2 class=\"wp-block-heading\">Responsable du contenu :<\/h2>\n\n\n\n<p>MOSEL T\u00dcREN Vertriebsgesellschaft mbH<br>Auf Wolfsgang \u00b7 54311 Trierweiler \u2013 Allemagne<br>T\u00e9l. : +49 651 81 06-01<br>Fax: +49 651 81 06-498<br>Courriel : info@mosel-tueren.de<\/p>\n\n\n\n<p>Inscrit au registre du commerce du tribunal d\u2019instance de Wittlich, n\u00b0 HRB 3466<br>Num\u00e9ro de TVA intracommunautaire : DE 811 848 742<br>N\u00b0 fiscal : 42\/654\/0004\/7<\/p>\n\n\n\n<h3 class=\"wp-block-heading\">Directeur\/Directrice :<\/h3>\n\n\n\n<p>Frank Borne, Margret Borne-M\u00fcllerklein, Daniel M\u00fcllerklein<\/p>\n\n\n\n<h3 class=\"wp-block-heading\">Responsable du contenu :<\/h3>\n\n\n\n<p>Margret Borne-M\u00fcllerklein, Auf Wolfsgang, 54311 Trierweiler \u2013 Allemagne<\/p>\n\n\n\n<p>Toutes les informations et explications figurant sur le pr\u00e9sent site Internet sont donn\u00e9es sans engagement. MOSEL T\u00dcREN Vertriebsgesellschaft mbH n\u2019assume aucune responsabilit\u00e9 pour l\u2019exactitude et l\u2019exhaustivit\u00e9 du contenu. Aucune garantie et notamment aucune garantie des caract\u00e9ristiques de produits ne s\u2019appliquent. Le contenu du site Internet ne donne lieu \u00e0 aucune pr\u00e9tention. Les erreurs de contenu seront corrig\u00e9es d\u00e8s leur constatation. Les liens renvoyant \u00e0 d\u2019autres sites Internet ne sont pas contr\u00f4l\u00e9s en continu. Nous d\u00e9clinons donc toute responsabilit\u00e9 quant au contenu des sites r\u00e9f\u00e9renc\u00e9s.<\/p>\n\n\n\n<h3 class=\"wp-block-heading\">T\u00e9l\u00e9chargement de donn\u00e9es et de logiciels :<\/h3>\n\n\n\n<p>MOSEL T\u00dcREN Vertriebsgesellschaft mbH n\u2019assure aucune garantie quant \u00e0 l\u2019absence d\u2019erreurs dans les donn\u00e9es et les logiciels susceptibles d\u2019\u00eatre t\u00e9l\u00e9charg\u00e9s \u00e0 partir de son site Internet. MOSEL T\u00dcREN Vertriebsgesellschaft mbH v\u00e9rifie que les logiciels propos\u00e9s ne sont pas infect\u00e9s par des virus. Cependant, nous vous recommandons de contr\u00f4ler les donn\u00e9es et les logiciels que vous avez t\u00e9l\u00e9charg\u00e9s au moyen d\u2019un logiciel antivirus r\u00e9cent.<\/p>\n\n\n\n<h3 class=\"wp-block-heading\">Droits d\u2019auteur et autres droits de protection sp\u00e9ciaux :<\/h3>\n\n\n\n<p>Le contenu et la structure du pr\u00e9sent site Internet sont prot\u00e9g\u00e9s par le droit d\u2019auteur. La duplication d\u2019informations, de donn\u00e9es, de textes ou d\u2019images n\u00e9cessite l\u2019accord pr\u00e9alable de Mosel T\u00fcren. Les noms de produits et d\u2019entreprises mentionn\u00e9s peuvent \u00eatre des marques d\u00e9pos\u00e9es ou des marques de commerce. Une utilisation non autoris\u00e9e peut entra\u00eener des demandes d\u2019indemnisation et des actions en interdiction.<\/p>\n\n\n\n<h3 class=\"wp-block-heading\">Responsabilit\u00e9 :<\/h3>\n\n\n\n<p>MOSEL T\u00dcREN Vertriebsgesellschaft mbH n\u2019est pas responsable des dommages caus\u00e9s par l\u2019utilisation du pr\u00e9sent site Internet ou le t\u00e9l\u00e9chargement de donn\u00e9es. Si un tel dommage a \u00e9t\u00e9 caus\u00e9 par intention ou par n\u00e9gligence grave, cette exclusion de responsabilit\u00e9 ne s\u2019applique pas. La relation juridique entre vous et MOSEL T\u00dcREN Vertriebsgesellschaft mbH r\u00e9sultant de l\u2019utilisation du site Internet est soumise au droit de la R\u00e9publique f\u00e9d\u00e9rale d\u2019Allemagne. En cas de litiges avec des commer\u00e7ants de plein droit r\u00e9sultant de l\u2019utilisation du pr\u00e9sent site Internet, le tribunal comp\u00e9tent est le si\u00e8ge de MOSEL T\u00dcREN Vertriebsgesellschaft \u00e0 Tr\u00e8ves.<\/p>\n<\/div>","protected":false},"excerpt":{"rendered":"<p>Impressum Verantwortlich f\u00fcr den Inhalt Mosel T\u00fcren Vertriebsgesellschaft mbHAuf Wolfsgang \u00b7 54311 TrierweilerTel.: +49 0651&nbsp;81 06-01E-Mail:&nbsp;info@mosel-tueren.deEingetragen im Handelsregister Amtsgericht Wittlich<\/p>","protected":false},"author":1,"featured_media":0,"parent":0,"menu_order":0,"comment_status":"closed","ping_status":"closed","template":"","meta":{"footnotes":""},"class_list":["post-616","page","type-page","status-publish","hentry"],"_links":{"self":[{"href":"https:\/\/www.mosel-tueren.de\/fr\/wp-json\/wp\/v2\/pages\/616","targetHints":{"allow":["GET"]}}],"collection":[{"href":"https:\/\/www.mosel-tueren.de\/fr\/wp-json\/wp\/v2\/pages"}],"about":[{"href":"https:\/\/www.mosel-tueren.de\/fr\/wp-json\/wp\/v2\/types\/page"}],"author":[{"embeddable":true,"href":"https:\/\/www.mosel-tueren.de\/fr\/wp-json\/wp\/v2\/users\/1"}],"replies":[{"embeddable":true,"href":"https:\/\/www.mosel-tueren.de\/fr\/wp-json\/wp\/v2\/comments?post=616"}],"version-history":[{"count":5,"href":"https:\/\/www.mosel-tueren.de\/fr\/wp-json\/wp\/v2\/pages\/616\/revisions"}],"predecessor-version":[{"id":3738,"href":"https:\/\/www.mosel-tueren.de\/fr\/wp-json\/wp\/v2\/pages\/616\/revisions\/3738"}],"wp:attachment":[{"href":"https:\/\/www.mosel-tueren.de\/fr\/wp-json\/wp\/v2\/media?parent=616"}],"curies":[{"name":"wp","href":"https:\/\/api.w.org\/{rel}","templated":true}]}}