{"id":602,"date":"2024-12-04T15:01:30","date_gmt":"2024-12-04T14:01:30","guid":{"rendered":"https:\/\/www.mosel-tueren.de\/?page_id=602"},"modified":"2026-01-23T11:52:58","modified_gmt":"2026-01-23T10:52:58","slug":"fonctions","status":"publish","type":"page","link":"https:\/\/www.mosel-tueren.de\/fr\/fonctions\/","title":{"rendered":"Fonctions"},"content":{"rendered":"<p class=\"has-text-align-center has-xxx-large-font-size\">Fonctions<\/p>\n\n\n\n\n\n<h1 class=\"wp-block-heading has-text-align-center has-large-font-size\"><strong>Portes lisses et portes design avec fonction &#8211; adapt\u00e9es individuellement pour des lieux d&#8217;utilisation particuliers et plus de s\u00e9curit\u00e9<\/strong><\/h1>\n\n\n\n\n\n<p class=\"has-text-align-center has-large-font-size\" style=\"margin-bottom:var(--wp--preset--spacing--40)\">Des fonctions telles que la r\u00e9duction acoustique et isothermique permettent \u00e0 votre porte d\u2019\u00eatre utilis\u00e9e \u00e0 des endroits particuliers comme les les zones de repos ou les diff\u00e9rences de temp\u00e9rature. Les fonctions sont disponibles pour de nombreuses portes, \u00e0 l&#8217;exception des portes en verre.<\/p>\n\n\n\n<div class=\"wp-block-buttons is-style-outline is-layout-flex wp-block-buttons-is-layout-flex\">\n<div class=\"wp-block-button\"><a class=\"wp-block-button__link wp-element-button\" href=\"#Schallschutz\">R\u00e9duction acoustique<\/a><\/div>\n\n\n\n<div class=\"wp-block-button\"><a class=\"wp-block-button__link wp-element-button\" href=\"#Waermeschutz\">Isothermique<\/a><\/div>\n\n\n\n\n\n\n<\/div>\n\n\n\n<div style=\"height:2em\" aria-hidden=\"true\" class=\"wp-block-spacer\"><\/div>\n\n\n\n<div class=\"wp-block-group alignwide has-quaternary-background-color has-background has-global-padding is-layout-constrained wp-container-core-group-is-layout-bdf80e7c wp-block-group-is-layout-constrained\" id=\"Schallschutz\" style=\"margin-top:var(--wp--preset--spacing--70);margin-bottom:var(--wp--preset--spacing--70);padding-top:var(--wp--preset--spacing--50);padding-right:var(--wp--preset--spacing--40);padding-bottom:var(--wp--preset--spacing--50);padding-left:var(--wp--preset--spacing--40)\">\n<div class=\"wp-block-custom-block-gridbox alignwide c_grid  c3 g7 bp1024-c2 bp480-c1 reverse\">\n<div class=\"wp-block-custom-block-griditem gridItem  cs2 tape-top-left\">\n<div class=\"wp-block-group is-layout-flow wp-block-group-is-layout-flow\">\n<h2 class=\"wp-block-heading\" style=\"margin-bottom:0\"><strong>R\u00e9duction acoustique<\/strong><\/h2>\n\n\n\n<p>Les portes acoustiques r\u00e9duisent le bruit de 32, de 37 ou 42 d\u00e9cibels. Nous renfor\u00e7ons le vantail et int\u00e9grons un seuil automatique. Ce seuil se baisse automatiquement d\u00e8s que la porte se ferme et r\u00e9duit encore le bruit. Vous avez le choix entre trois packs allant de la classe de r\u00e9duction acoustique 1 \u00e0 la classe 3.<\/p>\n\n\n\n<p><strong>Disponible pour:<\/strong> <a href=\"https:\/\/www.mosel-tueren.de\/fr\/gamme\/blanc-nature\/\" data-type=\"sortiment\" data-id=\"8\">portes\u00a0blanc\u00a0nature<\/a>, <a href=\"https:\/\/www.mosel-tueren.de\/fr\/gamme\/blanc-polar\/\" data-type=\"sortiment\" data-id=\"26\">portes blanc\u00a0polar<\/a>, <a href=\"https:\/\/www.mosel-tueren.de\/fr\/gamme\/gris-lave\/\" data-type=\"sortiment\" data-id=\"27\">portes\u00a0gris\u00a0lave<\/a>, <a href=\"https:\/\/www.mosel-tueren.de\/fr\/gamme\/aspect-bois\/\" data-type=\"sortiment\" data-id=\"28\">portes en aspect\u00a0bois<\/a><\/p>\n\n\n\n<div class=\"wp-block-custom-block-gridbox c_grid  c3 g4 bp600-c2 bp480-c1\">\n<div class=\"wp-block-custom-block-griditem gridItem\">\n<div class=\"wp-block-group icon-t-l has-background-background-color has-background has-global-padding is-layout-constrained wp-block-group-is-layout-constrained\">\n<span class=\"iconset\"><svg class=\"baseicon\" role=\"img\" aria-label=\"Ic\u00f4ne r\u00e9duction acoustique\"><use xlink:href=\"\/wp-content\/themes\/mt_theme\/assets\/images\/_iconset.svg#icon-schallschutz-start\"><\/use><\/svg>R\u00e9duction acoustique<br><b>Start<\/b><\/span>\n<\/div>\n\n\n\n<p class=\"has-small-font-size translation-block\">R\u00e9duction acoustique de 32\u00a0dB\u00a0R<sub>w,P<\/sub><\/p>\n\n\n\n<hr class=\"wp-block-separator has-alpha-channel-opacity\"\/>\n\n\n\n<p class=\"has-small-font-size\"><strong>Pour\u00a0<\/strong>: entr\u00e9es d\u2019appartement,\ncages d\u2019escalier, couloirs, vestibules<\/p>\n\n\n\n<hr class=\"wp-block-separator has-alpha-channel-opacity\"\/>\n\n\n\n\n\n<p class=\"has-small-font-size\">Classe de r\u00e9duction acoustique&nbsp;1<br>porte + \u00e9brasement = U<sub>dp<\/sub>&nbsp;1,8&nbsp;W\/m<sup>2<\/sup>K<br>classe climatique&nbsp;III<\/p>\n\n\n\n<hr class=\"wp-block-separator has-alpha-channel-opacity\"\/>\n\n\n\n<p class=\"has-small-font-size\">Portes s\u00e9lectionn\u00e9s aussi disponible avec oculus et vitrage r\u00e9duction acoustique<\/p>\n<\/div>\n\n\n\n<div class=\"wp-block-custom-block-griditem gridItem\">\n<div class=\"wp-block-group icon-t-l has-background-background-color has-background has-global-padding is-layout-constrained wp-block-group-is-layout-constrained\">\n<span class=\"iconset\"><svg class=\"baseicon\" role=\"img\" aria-label=\"Ic\u00f4ne r\u00e9duction acoustique Plus\"><use xlink:href=\"\/wp-content\/themes\/mt_theme\/assets\/images\/_iconset.svg#icon-schallschutz-plus\"><\/use><\/svg>R\u00e9duction acoustique<br><b>Plus<\/b><\/span>\n<\/div>\n\n\n\n<p class=\"has-small-font-size\">R\u00e9duction acoustique de 37\u00a0dB\u00a0R<sub>w,P<\/sub><\/p>\n\n\n\n<hr class=\"wp-block-separator has-alpha-channel-opacity\"\/>\n\n\n\n<p class=\"has-small-font-size\"><strong>Pour\u00a0<\/strong>: salles de cours, chambres d\u2019h\u00f4tels<\/p>\n\n\n\n<hr class=\"wp-block-separator has-alpha-channel-opacity\"\/>\n\n\n\n\n\n<p class=\"has-small-font-size\">Classe de r\u00e9duction acoustique&nbsp;2<br>porte + \u00e9brasement = U<sub>dp<\/sub>&nbsp;1,8&nbsp;W\/m<sup>2<\/sup>K<br>classe climatique&nbsp;III<\/p>\n\n\n\n\n<\/div>\n\n\n\n<div class=\"wp-block-custom-block-griditem gridItem\">\n<div class=\"wp-block-group icon-t-l has-background-background-color has-background has-global-padding is-layout-constrained wp-block-group-is-layout-constrained\">\n<span class=\"iconset\"><svg class=\"baseicon\" role=\"img\" aria-label=\"Ic\u00f4ne r\u00e9duction acoustique Premium\"><use xlink:href=\"\/wp-content\/themes\/mt_theme\/assets\/images\/_iconset.svg#icon-schallschutz-premium\"><\/use><\/svg>R\u00e9duction acoustique<br><b>Premium<\/b><\/span>\n<\/div>\n\n\n\n<p class=\"has-small-font-size\">R\u00e9duction acoustique de 42\u00a0dB\u00a0R<sub>w,P<\/sub><\/p>\n\n\n\n<hr class=\"wp-block-separator has-alpha-channel-opacity\"\/>\n\n\n\n<p class=\"has-small-font-size\"><strong>Pour\u00a0<\/strong>: salles de consultation<\/p>\n\n\n\n<hr class=\"wp-block-separator has-alpha-channel-opacity\"\/>\n\n\n\n\n\n<p class=\"has-small-font-size\">Classe de r\u00e9duction acoustique&nbsp;3<br>porte + \u00e9brasement = U<sub>dp<\/sub>&nbsp;1,7&nbsp; W\/m<sup>2<\/sup>K<br>classe climatique&nbsp;III<\/p>\n<\/div>\n<\/div>\n<\/div>\n<\/div>\n\n\n\n<div class=\"wp-block-custom-block-griditem gridItem  bp1024-cs2 align-center\">\n<div class=\"wp-block-group popup-image-box offset-top-large is-layout-flow wp-block-group-is-layout-flow\">\n<figure class=\"wp-block-image size-large\"><img loading=\"lazy\" decoding=\"async\" width=\"491\" height=\"1024\" src=\"https:\/\/www.mosel-tueren.de\/wp-content\/uploads\/Weiss-Alba-RU2-LA-GA_M-Schallschutz-491x1024.png\" alt=\"Lisse blanc nature ou blanc polar avec oculus GA-M : porte lisse avec r\u00e9duction acoustique\" class=\"wp-image-1051\" style=\"object-fit:cover\" srcset=\"https:\/\/www.mosel-tueren.de\/wp-content\/uploads\/Weiss-Alba-RU2-LA-GA_M-Schallschutz-491x1024.png 491w, https:\/\/www.mosel-tueren.de\/wp-content\/uploads\/Weiss-Alba-RU2-LA-GA_M-Schallschutz-192x400.png 192w, https:\/\/www.mosel-tueren.de\/wp-content\/uploads\/Weiss-Alba-RU2-LA-GA_M-Schallschutz-96x200.png 96w, https:\/\/www.mosel-tueren.de\/wp-content\/uploads\/Weiss-Alba-RU2-LA-GA_M-Schallschutz-768x1603.png 768w, https:\/\/www.mosel-tueren.de\/wp-content\/uploads\/Weiss-Alba-RU2-LA-GA_M-Schallschutz-736x1536.png 736w, https:\/\/www.mosel-tueren.de\/wp-content\/uploads\/Weiss-Alba-RU2-LA-GA_M-Schallschutz-981x2048.png 981w, https:\/\/www.mosel-tueren.de\/wp-content\/uploads\/Weiss-Alba-RU2-LA-GA_M-Schallschutz-6x12.png 6w, https:\/\/www.mosel-tueren.de\/wp-content\/uploads\/Weiss-Alba-RU2-LA-GA_M-Schallschutz.png 1198w\" sizes=\"auto, (max-width: 491px) 100vw, 491px\" \/><\/figure>\n\n\n\n<div style=\"--pos-x:100%; --pos-y:60%;  --open-left:1;\" class=\"wp-block-custom-block-togglebox togglebox  showicon none icon-t-l position_100_60\">\n<div class=\"wp-block-group toggleHead is-layout-flow wp-block-group-is-layout-flow\">\n<figure class=\"wp-block-image size-medium is-resized\"><img loading=\"lazy\" decoding=\"async\" width=\"400\" height=\"400\" src=\"https:\/\/www.mosel-tueren.de\/wp-content\/uploads\/schallschutzverglasung-400x400.png\" alt=\"Nos portes avec pack r\u00e9duction acoustique Start sont aussi disponible avec oculus et vitrage r\u00e9duction acoustique.\" class=\"wp-image-857\" style=\"width:150px\" srcset=\"https:\/\/www.mosel-tueren.de\/wp-content\/uploads\/schallschutzverglasung-400x400.png 400w, https:\/\/www.mosel-tueren.de\/wp-content\/uploads\/schallschutzverglasung-1024x1024.png 1024w, https:\/\/www.mosel-tueren.de\/wp-content\/uploads\/schallschutzverglasung-200x200.png 200w, https:\/\/www.mosel-tueren.de\/wp-content\/uploads\/schallschutzverglasung-768x768.png 768w, https:\/\/www.mosel-tueren.de\/wp-content\/uploads\/schallschutzverglasung-12x12.png 12w, https:\/\/www.mosel-tueren.de\/wp-content\/uploads\/schallschutzverglasung-600x600.png 600w, https:\/\/www.mosel-tueren.de\/wp-content\/uploads\/schallschutzverglasung.png 1530w\" sizes=\"auto, (max-width: 400px) 100vw, 400px\" \/><\/figure>\n<\/div>\n\n\n\n<div class=\"wp-block-group toggleCont has-quaternary-light-background-color has-background is-layout-flow wp-block-group-is-layout-flow\">\n<p class=\"translation-block\">Nos portes avec pack r\u00e9duction acoustique <strong>Start<\/strong> sont aussi disponible avec oculus et vitrage r\u00e9duction acoustique.<\/p>\n<\/div>\n<\/div>\n\n\n\n<div style=\"--pos-x:0%; --pos-y:100%; \" class=\"wp-block-custom-block-togglebox togglebox  showicon none icon-r position_0_100\">\n<div class=\"wp-block-group toggleHead is-layout-flow wp-block-group-is-layout-flow\">\n<figure class=\"wp-block-image size-medium is-resized\"><img loading=\"lazy\" decoding=\"async\" width=\"400\" height=\"400\" src=\"https:\/\/www.mosel-tueren.de\/wp-content\/uploads\/bodendichtung-400x400.png\" alt=\"La plinthe automatique se baisse d\u00e8s que la porte se ferme, ce qui r\u00e9duit le bruit.\" class=\"wp-image-899\" style=\"width:150px\" srcset=\"https:\/\/www.mosel-tueren.de\/wp-content\/uploads\/bodendichtung-400x400.png 400w, https:\/\/www.mosel-tueren.de\/wp-content\/uploads\/bodendichtung-1024x1024.png 1024w, https:\/\/www.mosel-tueren.de\/wp-content\/uploads\/bodendichtung-200x200.png 200w, https:\/\/www.mosel-tueren.de\/wp-content\/uploads\/bodendichtung-768x768.png 768w, https:\/\/www.mosel-tueren.de\/wp-content\/uploads\/bodendichtung-12x12.png 12w, https:\/\/www.mosel-tueren.de\/wp-content\/uploads\/bodendichtung-600x600.png 600w, https:\/\/www.mosel-tueren.de\/wp-content\/uploads\/bodendichtung.png 1530w\" sizes=\"auto, (max-width: 400px) 100vw, 400px\" \/><\/figure>\n<\/div>\n\n\n\n<div class=\"wp-block-group toggleCont has-quaternary-light-background-color has-background is-layout-flow wp-block-group-is-layout-flow\">\n<p>La plinthe automatique se baisse d\u00e8s que la porte se ferme, ce qui r\u00e9duit encore le bruit. \u00c0 gauche : c\u00f4t\u00e9 fiche, \u00e0 droite : c\u00f4t\u00e9 serrure<\/p>\n<\/div>\n<\/div>\n<\/div>\n<\/div>\n<\/div>\n<\/div>\n\n\n\n<div class=\"wp-block-group alignwide has-quaternary-background-color has-background has-global-padding is-layout-constrained wp-container-core-group-is-layout-bdf80e7c wp-block-group-is-layout-constrained\" id=\"Waermeschutz\" style=\"margin-top:var(--wp--preset--spacing--70);margin-bottom:var(--wp--preset--spacing--70);padding-top:var(--wp--preset--spacing--50);padding-right:var(--wp--preset--spacing--40);padding-bottom:var(--wp--preset--spacing--50);padding-left:var(--wp--preset--spacing--40)\">\n<div class=\"wp-block-custom-block-gridbox alignwide c_grid  c3 g7 bp1024-c2 bp480-c1\">\n<div class=\"wp-block-custom-block-griditem gridItem  cs2 tape-top-left\">\n<div class=\"wp-block-group is-layout-flow wp-block-group-is-layout-flow\">\n<h2 class=\"wp-block-heading\" style=\"margin-bottom:0\"><strong>Isothermique<\/strong><\/h2>\n\n\n\n<p>Les portes isothermiques isolent les zones pr\u00e9sentant un important \u00e9cart de temp\u00e9rature. Le vantail est tellement robuste qu\u2019il plie \u00e0 peine, conform\u00e9ment aux stricts crit\u00e8res de qualit\u00e9 RAL.<\/p>\n\n\n\n<p><strong>Disponible pour:<\/strong> <a href=\"https:\/\/www.mosel-tueren.de\/fr\/gamme\/blanc-nature\/#glatte-tueren\" data-type=\"sortiment\" data-id=\"8\">portes lisses blanc nature<\/a>, <a href=\"https:\/\/www.mosel-tueren.de\/fr\/gamme\/blanc-polar\/#glatte-tueren\" data-type=\"sortiment\" data-id=\"26\">portes lisses blanc polar<\/a>, <a href=\"https:\/\/www.mosel-tueren.de\/fr\/gamme\/gris-lave\/#glatte-tueren\" data-type=\"sortiment\" data-id=\"27\">portes lisses gris lave<\/a>, <a href=\"https:\/\/www.mosel-tueren.de\/fr\/gamme\/aspect-bois\/\" data-type=\"sortiment\" data-id=\"28\">portes en aspect\u00a0bois<\/a><\/p>\n\n\n\n<div class=\"wp-block-custom-block-gridbox c_grid  c2 g4 bp600-c2 bp480-c1\">\n<div class=\"wp-block-custom-block-griditem gridItem\">\n<div class=\"wp-block-group icon-t-l has-background-background-color has-background has-global-padding is-layout-constrained wp-block-group-is-layout-constrained\">\n<span class=\"iconset\"><svg class=\"baseicon\" role=\"img\" aria-label=\"Ic\u00f4ne isothermique\"><use xlink:href=\"\/wp-content\/themes\/mt_theme\/assets\/images\/_iconset.svg#icon-waermeschutz-premium\"><\/use><\/svg><b>Isothermique<\/b><\/span>\n<\/div>\n\n\n\n<p class=\"has-small-font-size\">Isolation pour des \u00e9carts de temp\u00e9ratures allant de 3 \u00e0 23\u00a0\u00b0C.<\/p>\n\n\n\n<hr class=\"wp-block-separator has-alpha-channel-opacity\"\/>\n\n\n\n<p class=\"has-small-font-size\"><strong>Pour\u00a0<\/strong>: greniers ou entr\u00e9es de cave<\/p>\n\n\n\n<hr class=\"wp-block-separator has-alpha-channel-opacity\"\/>\n\n\n\n\n\n<p class=\"has-small-font-size\">porte + \u00e9brasement = U<sub>dp<\/sub>&nbsp;1,1&nbsp;W\/m<sup>2<\/sup>K<br>classe climatique&nbsp;III<\/p>\n\n\n\n\n<\/div>\n<\/div>\n<\/div>\n<\/div>\n\n\n\n<div class=\"wp-block-custom-block-griditem gridItem  bp1024-cs2 align-center\">\n<div class=\"wp-block-group popup-image-box offset-top-large is-layout-flow wp-block-group-is-layout-flow\">\n<figure class=\"wp-block-image size-large\"><img loading=\"lazy\" decoding=\"async\" width=\"491\" height=\"1024\" src=\"https:\/\/www.mosel-tueren.de\/wp-content\/uploads\/Weiss-Alba-RU2-Waermeschutz-491x1024.png\" alt=\"Lisse blanc nature ou blanc polar : porte lisse isothermique\" class=\"wp-image-1055\" style=\"object-fit:cover\" srcset=\"https:\/\/www.mosel-tueren.de\/wp-content\/uploads\/Weiss-Alba-RU2-Waermeschutz-491x1024.png 491w, https:\/\/www.mosel-tueren.de\/wp-content\/uploads\/Weiss-Alba-RU2-Waermeschutz-192x400.png 192w, https:\/\/www.mosel-tueren.de\/wp-content\/uploads\/Weiss-Alba-RU2-Waermeschutz-96x200.png 96w, https:\/\/www.mosel-tueren.de\/wp-content\/uploads\/Weiss-Alba-RU2-Waermeschutz-768x1603.png 768w, https:\/\/www.mosel-tueren.de\/wp-content\/uploads\/Weiss-Alba-RU2-Waermeschutz-736x1536.png 736w, https:\/\/www.mosel-tueren.de\/wp-content\/uploads\/Weiss-Alba-RU2-Waermeschutz-981x2048.png 981w, https:\/\/www.mosel-tueren.de\/wp-content\/uploads\/Weiss-Alba-RU2-Waermeschutz-6x12.png 6w, https:\/\/www.mosel-tueren.de\/wp-content\/uploads\/Weiss-Alba-RU2-Waermeschutz.png 1198w\" sizes=\"auto, (max-width: 491px) 100vw, 491px\" \/><\/figure>\n\n\n\n<div style=\"--pos-x:0%; --pos-y:70%; \" class=\"wp-block-custom-block-togglebox togglebox  showicon none icon-r position_0_70\">\n<div class=\"wp-block-group toggleHead is-layout-flow wp-block-group-is-layout-flow\">\n<figure class=\"wp-block-image size-medium is-resized\"><img loading=\"lazy\" decoding=\"async\" width=\"400\" height=\"400\" src=\"https:\/\/www.mosel-tueren.de\/wp-content\/uploads\/waermeschutz-mittellage-400x400.png\" alt=\"Nos portes isothermiques sont dot\u00e9es d\u2019une \u00e2me en polystyr\u00e8ne (EPS) afin d\u2019obtenir la meilleure isolation thermique possible.\" class=\"wp-image-888\" style=\"width:150px\" srcset=\"https:\/\/www.mosel-tueren.de\/wp-content\/uploads\/waermeschutz-mittellage-400x400.png 400w, https:\/\/www.mosel-tueren.de\/wp-content\/uploads\/waermeschutz-mittellage-1024x1024.png 1024w, https:\/\/www.mosel-tueren.de\/wp-content\/uploads\/waermeschutz-mittellage-200x200.png 200w, https:\/\/www.mosel-tueren.de\/wp-content\/uploads\/waermeschutz-mittellage-768x768.png 768w, https:\/\/www.mosel-tueren.de\/wp-content\/uploads\/waermeschutz-mittellage-12x12.png 12w, https:\/\/www.mosel-tueren.de\/wp-content\/uploads\/waermeschutz-mittellage-600x600.png 600w, https:\/\/www.mosel-tueren.de\/wp-content\/uploads\/waermeschutz-mittellage.png 1530w\" sizes=\"auto, (max-width: 400px) 100vw, 400px\" \/><\/figure>\n<\/div>\n\n\n\n<div class=\"wp-block-group toggleCont has-quaternary-light-background-color has-background is-layout-flow wp-block-group-is-layout-flow\">\n<p>Nos portes isothermiques sont dot\u00e9es d\u2019une \u00e2me en polystyr\u00e8ne (EPS) afin d\u2019obtenir la meilleure isolation thermique possible.<\/p>\n<\/div>\n<\/div>\n<\/div>\n<\/div>\n<\/div>\n<\/div>\n\n\n\n\n\n\n\n\n\n\n<div class=\"wp-block-columns is-layout-flex wp-container-core-columns-is-layout-45c10ec9 wp-block-columns-is-layout-flex\" style=\"margin-top:var(--wp--preset--spacing--60);margin-bottom:var(--wp--preset--spacing--60)\">\n<div class=\"wp-block-column is-vertically-aligned-center is-layout-flow wp-block-column-is-layout-flow\">\n<figure class=\"wp-block-image size-full\"><img decoding=\"async\" src=\"https:\/\/www.mosel-tueren.de\/wp-content\/uploads\/professionelle-beratung.svg\" alt=\"\" class=\"wp-image-610\"\/><\/figure>\n<\/div>\n\n\n\n<div class=\"wp-block-column is-layout-flow wp-block-column-is-layout-flow\">\n<h2 class=\"wp-block-heading has-xxx-large-font-size\">Conseils de professionnels<\/h2>\n\n\n\n<p>Les portes Mosel ne sont disponibles que chez des revendeurs qualifi\u00e9s. Le professionnel sur place vous conseille en toute comp\u00e9tence, vous permet de commander en toute s\u00e9curit\u00e9 et vous offre le meilleur service de la branche.<\/p>\n\n\n\n<div class=\"wp-block-buttons is-layout-flex wp-block-buttons-is-layout-flex\" style=\"margin-top:var(--wp--preset--spacing--30)\"><\/div>\n<\/div>\n<\/div>","protected":false},"excerpt":{"rendered":"<p>Funktionen Portes lisses et portes design avec fonction &#8211; adapt\u00e9es individuellement pour des lieux d&#8217;utilisation particuliers et plus de s\u00e9curit\u00e9<\/p>","protected":false},"author":1,"featured_media":0,"parent":0,"menu_order":0,"comment_status":"closed","ping_status":"closed","template":"","meta":{"footnotes":""},"class_list":["post-602","page","type-page","status-publish","hentry"],"_links":{"self":[{"href":"https:\/\/www.mosel-tueren.de\/fr\/wp-json\/wp\/v2\/pages\/602","targetHints":{"allow":["GET"]}}],"collection":[{"href":"https:\/\/www.mosel-tueren.de\/fr\/wp-json\/wp\/v2\/pages"}],"about":[{"href":"https:\/\/www.mosel-tueren.de\/fr\/wp-json\/wp\/v2\/types\/page"}],"author":[{"embeddable":true,"href":"https:\/\/www.mosel-tueren.de\/fr\/wp-json\/wp\/v2\/users\/1"}],"replies":[{"embeddable":true,"href":"https:\/\/www.mosel-tueren.de\/fr\/wp-json\/wp\/v2\/comments?post=602"}],"version-history":[{"count":110,"href":"https:\/\/www.mosel-tueren.de\/fr\/wp-json\/wp\/v2\/pages\/602\/revisions"}],"predecessor-version":[{"id":4405,"href":"https:\/\/www.mosel-tueren.de\/fr\/wp-json\/wp\/v2\/pages\/602\/revisions\/4405"}],"wp:attachment":[{"href":"https:\/\/www.mosel-tueren.de\/fr\/wp-json\/wp\/v2\/media?parent=602"}],"curies":[{"name":"wp","href":"https:\/\/api.w.org\/{rel}","templated":true}]}}