{"id":464,"date":"2024-11-19T15:11:53","date_gmt":"2024-11-19T14:11:53","guid":{"rendered":"https:\/\/www.mosel-tueren.de\/?page_id=464"},"modified":"2026-02-13T12:23:52","modified_gmt":"2026-02-13T11:23:52","slug":"qui-sommes-nous","status":"publish","type":"page","link":"https:\/\/www.mosel-tueren.de\/fr\/qui-sommes-nous\/","title":{"rendered":"Qui sommes-nous ?"},"content":{"rendered":"<p class=\"has-text-align-center has-xxx-large-font-size\">Qui sommes-nous ?<\/p>\n\n\n\n<h1 class=\"wp-block-heading has-text-align-center has-large-font-size\"><strong>Mosel T\u00fcren \u2013 tradition, innovation et service fiable pour votre maison<\/strong><\/h1>\n\n\n\n<p class=\"has-text-align-center has-large-font-size translation-block\">Nous fabriquons des portes. Mais ce n\u2019est pas tout : nous veillons \u00e0 ce que vous receviez simplement et s\u00fbrement la porte de vos r\u00eaves. Nous aimons le confort et l\u2019engagement. Nous \u00e9vitons la complexit\u00e9 et l\u2019impuissance. Vous voyez... une porte Mosel n\u2019est pas seulement une porte.<\/p>\n\n\n\n<div style=\"height:2em\" aria-hidden=\"true\" class=\"wp-block-spacer\"><\/div>\n\n\n\n<div class=\"wp-block-group alignwide tape-top has-tertiary-super-light-background-color has-background is-layout-flow wp-block-group-is-layout-flow\" style=\"padding-top:var(--wp--preset--spacing--50);padding-right:var(--wp--preset--spacing--50);padding-bottom:var(--wp--preset--spacing--50);padding-left:var(--wp--preset--spacing--50)\">\n<div class=\"wp-block-columns is-layout-flex wp-container-core-columns-is-layout-28f84493 wp-block-columns-is-layout-flex\">\n<div class=\"wp-block-column is-layout-flow wp-block-column-is-layout-flow\">\n<p style=\"margin-bottom:0\">Nos origines<\/p>\n\n\n\n<h2 class=\"wp-block-heading translation-block\" style=\"margin-top:0;margin-bottom:var(--wp--preset--spacing--30)\"><strong>580 collaborateurs.<br>\n65 ans d\u2019exp\u00e9rience.<br>\nUne m\u00eame famille.<\/strong><\/h2>\n\n\n\n<p>Cela fait plus de 65 ans que nous fabriquons des portes \u00e0 Trierweiler, au bord de la Moselle. Apr\u00e8s\nl\u2019obtention de son brevet de ma\u00eetrise de menuisier, Klaus Borne fonde l\u2019entreprise en 1956 et se concentre tr\u00e8s vite sur un unique produit : de bonnes portes. Notre entreprise familiale a prosp\u00e9r\u00e9, mais a toujours gard\u00e9 les bases de son m\u00e9tier avec des choix pratiques et efficaces.<\/p>\n<\/div>\n\n\n\n<div class=\"wp-block-column is-layout-flow wp-block-column-is-layout-flow\">\n<figure class=\"wp-block-image size-large offset-top\"><img loading=\"lazy\" decoding=\"async\" width=\"1024\" height=\"1024\" src=\"https:\/\/www.mosel-tueren.de\/wp-content\/uploads\/mosel-tueren-geschaeftsleitung-1024x1024.jpg\" alt=\"Frank Borne dirige aujourd&#039;hui l&#039;entreprise familiale avec sa s\u0153ur Margret Borne-M\u00fcllerklein et son neveu Daniel M\u00fcllerklein, respectivement en deuxi\u00e8me et troisi\u00e8me g\u00e9n\u00e9ration.\" class=\"wp-image-3772\" srcset=\"https:\/\/www.mosel-tueren.de\/wp-content\/uploads\/mosel-tueren-geschaeftsleitung-1024x1024.jpg 1024w, https:\/\/www.mosel-tueren.de\/wp-content\/uploads\/mosel-tueren-geschaeftsleitung-400x400.jpg 400w, https:\/\/www.mosel-tueren.de\/wp-content\/uploads\/mosel-tueren-geschaeftsleitung-200x200.jpg 200w, https:\/\/www.mosel-tueren.de\/wp-content\/uploads\/mosel-tueren-geschaeftsleitung-768x768.jpg 768w, https:\/\/www.mosel-tueren.de\/wp-content\/uploads\/mosel-tueren-geschaeftsleitung-1536x1536.jpg 1536w, https:\/\/www.mosel-tueren.de\/wp-content\/uploads\/mosel-tueren-geschaeftsleitung-12x12.jpg 12w, https:\/\/www.mosel-tueren.de\/wp-content\/uploads\/mosel-tueren-geschaeftsleitung-600x600.jpg 600w\" sizes=\"auto, (max-width: 1024px) 100vw, 1024px\" \/><figcaption class=\"wp-element-caption\">Frank Borne dirige aujourd'hui l'entreprise familiale avec sa s\u0153ur Margret Borne-M\u00fcllerklein et son neveu Daniel M\u00fcllerklein, respectivement en deuxi\u00e8me et troisi\u00e8me g\u00e9n\u00e9ration.<\/figcaption><\/figure>\n<\/div>\n<\/div>\n\n\n\n<figure class=\"wp-block-image size-full\"><img decoding=\"async\" src=\"https:\/\/www.mosel-tueren.de\/wp-content\/uploads\/mosel-tueren-werk-illustration.svg\" alt=\"\" class=\"wp-image-1457\"\/><\/figure>\n\n\n\n<div class=\"wp-block-columns offset-top is-layout-flex wp-container-core-columns-is-layout-28f84493 wp-block-columns-is-layout-flex\">\n<div class=\"wp-block-column is-layout-flow wp-block-column-is-layout-flow\" style=\"flex-basis:50%\"><\/div>\n\n\n\n<div class=\"wp-block-column is-layout-flow wp-block-column-is-layout-flow\" style=\"flex-basis:350px\">\n<p class=\"has-small-font-size\">580 collaborateurs fabriquent nos portes sur une surface de plus de 93 000 m\u00e8tres carr\u00e9s, uniquement en Allemagne et plus pr\u00e9cis\u00e9ment \u00e0 Trierweiler, au bord de la Moselle.<\/p>\n<\/div>\n<\/div>\n<\/div>\n\n\n\n<div style=\"height:2em\" aria-hidden=\"true\" class=\"wp-block-spacer\"><\/div>\n\n\n\n<div class=\"wp-block-columns alignwide reverse is-layout-flex wp-container-core-columns-is-layout-28f84493 wp-block-columns-is-layout-flex\">\n<div class=\"wp-block-column is-vertically-aligned-center is-layout-flow wp-block-column-is-layout-flow\">\n<p style=\"margin-bottom:0\">Notre produit<\/p>\n\n\n\n<h2 class=\"wp-block-heading translation-block\" style=\"margin-top:0;margin-bottom:var(--wp--preset--spacing--30)\"><strong>Design.<br>\nQualit\u00e9.<br>\nIntemporalit\u00e9 puissance deux.<\/strong><\/h2>\n\n\n\n<p>L\u2019expression \u00ab De bonnes portes \u00bb signifie pour nous que le design et la qualit\u00e9 r\u00e9sisteront aux ann\u00e9es. Les fiches de nos portes subissent par exemple quelque 100 000 cycles de fermeture dans le cadre d\u2019essais d\u2019endurance. Nos designs d\u00e9finissent toujours de nouveaux jalons : nous avons commenc\u00e9 par d\u00e9velopper l\u2019une des nuances de blanc les plus claires, en parfaite harmonie avec les peintures murales les plus vendues. Notre blanc polar est fort appr\u00e9ci\u00e9 de nos clients et souvent copi\u00e9, une marque de reconnaissance en soi.<\/p>\n<\/div>\n\n\n\n<div class=\"wp-block-column is-layout-flow wp-block-column-is-layout-flow\">\n<figure class=\"wp-block-image size-large\"><img loading=\"lazy\" decoding=\"async\" width=\"1024\" height=\"1024\" src=\"https:\/\/www.mosel-tueren.de\/wp-content\/uploads\/designtueren-1024x1024.png\" alt=\"\" class=\"wp-image-1462\" srcset=\"https:\/\/www.mosel-tueren.de\/wp-content\/uploads\/designtueren-1024x1024.png 1024w, https:\/\/www.mosel-tueren.de\/wp-content\/uploads\/designtueren-400x400.png 400w, https:\/\/www.mosel-tueren.de\/wp-content\/uploads\/designtueren-200x200.png 200w, https:\/\/www.mosel-tueren.de\/wp-content\/uploads\/designtueren-768x768.png 768w, https:\/\/www.mosel-tueren.de\/wp-content\/uploads\/designtueren-1536x1536.png 1536w, https:\/\/www.mosel-tueren.de\/wp-content\/uploads\/designtueren-12x12.png 12w, https:\/\/www.mosel-tueren.de\/wp-content\/uploads\/designtueren-600x600.png 600w\" sizes=\"auto, (max-width: 1024px) 100vw, 1024px\" \/><\/figure>\n<\/div>\n<\/div>\n\n\n\n<div class=\"wp-block-columns alignwide is-layout-flex wp-container-core-columns-is-layout-28f84493 wp-block-columns-is-layout-flex\">\n<div class=\"wp-block-column is-vertically-aligned-center is-layout-flow wp-block-column-is-layout-flow\" style=\"flex-basis:25%\"><\/div>\n\n\n\n<div class=\"wp-block-column is-layout-flow wp-block-column-is-layout-flow\" style=\"flex-basis:50%\">\n<figure class=\"wp-block-image size-large\"><img loading=\"lazy\" decoding=\"async\" width=\"1024\" height=\"681\" src=\"https:\/\/www.mosel-tueren.de\/wp-content\/uploads\/mosel-tueren-qualitaetskontrolle-1024x681.jpg\" alt=\"\" class=\"wp-image-1463\" srcset=\"https:\/\/www.mosel-tueren.de\/wp-content\/uploads\/mosel-tueren-qualitaetskontrolle-1024x681.jpg 1024w, https:\/\/www.mosel-tueren.de\/wp-content\/uploads\/mosel-tueren-qualitaetskontrolle-400x266.jpg 400w, https:\/\/www.mosel-tueren.de\/wp-content\/uploads\/mosel-tueren-qualitaetskontrolle-200x133.jpg 200w, https:\/\/www.mosel-tueren.de\/wp-content\/uploads\/mosel-tueren-qualitaetskontrolle-768x512.jpg 768w, https:\/\/www.mosel-tueren.de\/wp-content\/uploads\/mosel-tueren-qualitaetskontrolle-1536x1021.jpg 1536w, https:\/\/www.mosel-tueren.de\/wp-content\/uploads\/mosel-tueren-qualitaetskontrolle-18x12.jpg 18w\" sizes=\"auto, (max-width: 1024px) 100vw, 1024px\" \/><\/figure>\n<\/div>\n\n\n\n<div class=\"wp-block-column is-vertically-aligned-center is-layout-flow wp-block-column-is-layout-flow\" style=\"flex-basis:25%\">\n<p class=\"has-small-font-size\">Avant qu\u2019une porte ne quitte notre usine, elle fait l\u2019objet de plusieurs contr\u00f4les effectu\u00e9s par nos postes de contr\u00f4le num\u00e9riques et elle est aussi soumise au regard critique de nos experts.<\/p>\n<\/div>\n<\/div>\n\n\n\n<div style=\"height:4em\" aria-hidden=\"true\" class=\"wp-block-spacer\"><\/div>\n\n\n\n<div class=\"wp-block-group alignwide tape-top has-tertiary-super-light-background-color has-background is-layout-flow wp-block-group-is-layout-flow\" style=\"padding-top:var(--wp--preset--spacing--50);padding-right:var(--wp--preset--spacing--50);padding-bottom:var(--wp--preset--spacing--50);padding-left:var(--wp--preset--spacing--50)\">\n<div class=\"wp-block-columns is-layout-flex wp-container-core-columns-is-layout-28f84493 wp-block-columns-is-layout-flex\">\n<div class=\"wp-block-column is-layout-flow wp-block-column-is-layout-flow\">\n<p style=\"margin-bottom:0\">Notre production<\/p>\n\n\n\n<h2 class=\"wp-block-heading\" style=\"margin-top:0\"><strong>Une haute qualit\u00e9.<br>Une consommation responsable de ressources.<br>Une mise en \u0153uvre coh\u00e9rente.<\/strong><\/h2>\n\n\n\n<div style=\"height:1em\" aria-hidden=\"true\" class=\"wp-block-spacer\"><\/div>\n\n\n\n<h2 class=\"wp-block-heading has-x-large-font-size\">Responsabilit\u00e9 dans la fabrication<\/h2>\n\n\n\n<p>En tant qu\u2019entreprise familiale, nous pensons en termes de g\u00e9n\u00e9rations. Nous assumons notre responsabilit\u00e9 en mati\u00e8re d'utilisation responsable de l'\u00e9nergie et des ressources. Gr\u00e2ce \u00e0 un d\u00e9veloppement technique constant et \u00e0 des processus optimis\u00e9s, nous r\u00e9duisons les \u00e9missions et la consommation d'\u00e9nergie de nos usines. Ainsi, notre installation photovolta\u00efque et notre centrale thermique au bois produisent environ autant d'\u00e9nergie que nos usines en consomment au cours d'une ann\u00e9e.<\/p>\n<\/div>\n\n\n\n<div class=\"wp-block-column is-layout-flow wp-block-column-is-layout-flow\">\n<figure class=\"wp-block-image size-large\"><img loading=\"lazy\" decoding=\"async\" width=\"1024\" height=\"1024\" src=\"https:\/\/www.mosel-tueren.de\/wp-content\/uploads\/mosel-tueren-holzheizkraftwerk-photovoltaik-1024x1024.jpg\" alt=\"\" class=\"wp-image-1474\" srcset=\"https:\/\/www.mosel-tueren.de\/wp-content\/uploads\/mosel-tueren-holzheizkraftwerk-photovoltaik-1024x1024.jpg 1024w, https:\/\/www.mosel-tueren.de\/wp-content\/uploads\/mosel-tueren-holzheizkraftwerk-photovoltaik-400x400.jpg 400w, https:\/\/www.mosel-tueren.de\/wp-content\/uploads\/mosel-tueren-holzheizkraftwerk-photovoltaik-200x200.jpg 200w, https:\/\/www.mosel-tueren.de\/wp-content\/uploads\/mosel-tueren-holzheizkraftwerk-photovoltaik-768x768.jpg 768w, https:\/\/www.mosel-tueren.de\/wp-content\/uploads\/mosel-tueren-holzheizkraftwerk-photovoltaik-12x12.jpg 12w, https:\/\/www.mosel-tueren.de\/wp-content\/uploads\/mosel-tueren-holzheizkraftwerk-photovoltaik-600x600.jpg 600w, https:\/\/www.mosel-tueren.de\/wp-content\/uploads\/mosel-tueren-holzheizkraftwerk-photovoltaik.jpg 1041w\" sizes=\"auto, (max-width: 1024px) 100vw, 1024px\" \/><figcaption class=\"wp-element-caption\">Notre installation photovolta\u00efque fournit aujourd'hui 1 500 kWc, soit quatre fois la puissance initiale. Elle est compl\u00e9t\u00e9e par l'\u00e9lectricit\u00e9 et la chaleur issues des r\u00e9sidus industriels de bois que nous utilisons dans notre centrale thermique au bois.<\/figcaption><\/figure>\n<\/div>\n<\/div>\n\n\n\n<div style=\"height:1em\" aria-hidden=\"true\" class=\"wp-block-spacer\"><\/div>\n\n\n\n<div class=\"wp-block-columns reverse is-layout-flex wp-container-core-columns-is-layout-14cf5ab5 wp-block-columns-is-layout-flex\">\n<div class=\"wp-block-column is-layout-flow wp-block-column-is-layout-flow\">\n<p class=\"has-x-large-font-size\">Nous allons plus loin<\/p>\n\n\n\n<p>Nous sommes satisfaits des r\u00e9sultats, mais cela ne suffit pas. Nous am\u00e9liorons constamment notre niveau de production dans le but d'optimiser l'utilisation des mat\u00e9riaux et de regrouper les processus de mani\u00e8re efficace : Le bois de nos portes est issu de for\u00eats g\u00e9r\u00e9es durablement. Nous optimisons les trajets de livraison en achetant presque toutes nos mati\u00e8res premi\u00e8res et nos composants en Allemagne, une grande partie provenant m\u00eame de notre r\u00e9gion. Notre flotte compte de plus en plus de voitures \u00e9lectriques et nous disposons de nos propres bornes de recharge. Nos portes laqu\u00e9es sont test\u00e9es pour leurs \u00e9missions et leurs substances nocives et r\u00e9pondent aux crit\u00e8res de la certification T\u00dcV. Afin de r\u00e9duire l'utilisation de plastique, nous utilisons du papier bulle recycl\u00e9 \u00e0 la place de la mousse pour l'emballage de nos cadres. Nous utilisons du carton ondul\u00e9 pour nos portes depuis des ann\u00e9es.<\/p>\n<\/div>\n\n\n\n<div class=\"wp-block-column is-layout-flow wp-block-column-is-layout-flow\">\n<figure class=\"wp-block-image size-large\"><img loading=\"lazy\" decoding=\"async\" width=\"1024\" height=\"799\" src=\"https:\/\/www.mosel-tueren.de\/wp-content\/uploads\/mosel-tueren-qualitaetssicherung-1024x799.jpg\" alt=\"\" class=\"wp-image-1476\" srcset=\"https:\/\/www.mosel-tueren.de\/wp-content\/uploads\/mosel-tueren-qualitaetssicherung-1024x799.jpg 1024w, https:\/\/www.mosel-tueren.de\/wp-content\/uploads\/mosel-tueren-qualitaetssicherung-400x312.jpg 400w, https:\/\/www.mosel-tueren.de\/wp-content\/uploads\/mosel-tueren-qualitaetssicherung-200x156.jpg 200w, https:\/\/www.mosel-tueren.de\/wp-content\/uploads\/mosel-tueren-qualitaetssicherung-768x600.jpg 768w, https:\/\/www.mosel-tueren.de\/wp-content\/uploads\/mosel-tueren-qualitaetssicherung-1536x1199.jpg 1536w, https:\/\/www.mosel-tueren.de\/wp-content\/uploads\/mosel-tueren-qualitaetssicherung-15x12.jpg 15w\" sizes=\"auto, (max-width: 1024px) 100vw, 1024px\" \/><\/figure>\n\n\n\n<figure class=\"wp-block-image alignright size-large is-resized offset-top offset-right-small\"><img loading=\"lazy\" decoding=\"async\" width=\"1024\" height=\"613\" src=\"https:\/\/www.mosel-tueren.de\/wp-content\/uploads\/holz-nachhaltig-bewirtschaftete-waelder-1024x613.jpg\" alt=\"\" class=\"wp-image-1475\" style=\"width:339px;height:auto\" srcset=\"https:\/\/www.mosel-tueren.de\/wp-content\/uploads\/holz-nachhaltig-bewirtschaftete-waelder-1024x613.jpg 1024w, https:\/\/www.mosel-tueren.de\/wp-content\/uploads\/holz-nachhaltig-bewirtschaftete-waelder-400x240.jpg 400w, https:\/\/www.mosel-tueren.de\/wp-content\/uploads\/holz-nachhaltig-bewirtschaftete-waelder-200x120.jpg 200w, https:\/\/www.mosel-tueren.de\/wp-content\/uploads\/holz-nachhaltig-bewirtschaftete-waelder-768x460.jpg 768w, https:\/\/www.mosel-tueren.de\/wp-content\/uploads\/holz-nachhaltig-bewirtschaftete-waelder-1536x920.jpg 1536w, https:\/\/www.mosel-tueren.de\/wp-content\/uploads\/holz-nachhaltig-bewirtschaftete-waelder-18x12.jpg 18w\" sizes=\"auto, (max-width: 1024px) 100vw, 1024px\" \/><\/figure>\n\n\n\n<div style=\"height:1em\" aria-hidden=\"true\" class=\"wp-block-spacer\"><\/div>\n\n\n\n\n\n\n\n<figure class=\"wp-block-image size-large\"><img loading=\"lazy\" decoding=\"async\" width=\"1024\" height=\"659\" src=\"https:\/\/www.mosel-tueren.de\/wp-content\/uploads\/mosel-tueren-zertifikate-fr-1024x659.png\" alt=\"\" class=\"wp-image-3686\" srcset=\"https:\/\/www.mosel-tueren.de\/wp-content\/uploads\/mosel-tueren-zertifikate-fr-1024x659.png 1024w, https:\/\/www.mosel-tueren.de\/wp-content\/uploads\/mosel-tueren-zertifikate-fr-400x258.png 400w, https:\/\/www.mosel-tueren.de\/wp-content\/uploads\/mosel-tueren-zertifikate-fr-200x129.png 200w, https:\/\/www.mosel-tueren.de\/wp-content\/uploads\/mosel-tueren-zertifikate-fr-768x494.png 768w, https:\/\/www.mosel-tueren.de\/wp-content\/uploads\/mosel-tueren-zertifikate-fr-1536x989.png 1536w, https:\/\/www.mosel-tueren.de\/wp-content\/uploads\/mosel-tueren-zertifikate-fr-18x12.png 18w\" sizes=\"auto, (max-width: 1024px) 100vw, 1024px\" \/><\/figure>\n<\/div>\n<\/div>\n<\/div>\n\n\n\n<div style=\"height:2em\" aria-hidden=\"true\" class=\"wp-block-spacer\"><\/div>\n\n\n\n<div class=\"wp-block-columns alignwide is-layout-flex wp-container-core-columns-is-layout-28f84493 wp-block-columns-is-layout-flex\">\n<div class=\"wp-block-column is-layout-flow wp-block-column-is-layout-flow\">\n<figure class=\"wp-block-image size-full is-resized\"><img decoding=\"async\" src=\"https:\/\/www.mosel-tueren.de\/wp-content\/uploads\/professionelle-beratung.svg\" alt=\"\" class=\"wp-image-610\" style=\"width:477px;height:auto\"\/><\/figure>\n<\/div>\n\n\n\n<div class=\"wp-block-column is-layout-flow wp-block-column-is-layout-flow\">\n<p style=\"margin-bottom:0\">Notre service<\/p>\n\n\n\n<h2 class=\"wp-block-heading translation-block\" style=\"margin-top:0;margin-bottom:var(--wp--preset--spacing--30)\"><strong>Des trajets courts.<br>\nDes interlocuteurs clairs.<br>\nPas de haussement d\u2019\u00e9paules.<\/strong><\/h2>\n\n\n\n<p class=\"has-large-font-size\">Nous voulons que vous soyez enti\u00e8rement et longtemps satisfait. Un interlocuteur fiable et exp\u00e9riment\u00e9 doit \u00eatre associ\u00e9, \u00e0 nos yeux, \u00e0 chaque bonne porte. Les portes Mosel ne sont donc disponibles que chez des revendeurs qualifi\u00e9s. Seul le professionnel sur place est en mesure de vous conseiller en toute comp\u00e9tence.<\/p>\n\n\n\n<p>Les portes Mosel ne sont disponibles que chez des revendeurs qualifi\u00e9s. Les professionnels sur place sont l\u00e0 pour vous accompagner. Le r\u00e9sultat : vous franchirez vos portes facilement et en toute s\u00e9curit\u00e9.<\/p>\n<\/div>\n<\/div>","protected":false},"excerpt":{"rendered":"<p>\u00dcber uns Mosel T\u00fcren \u2013 Tradition, Innovation und zuverl\u00e4ssiger Service f\u00fcr Ihr Zuhause Wir bauen T\u00fcren. Aber das ist nicht<\/p>","protected":false},"author":1,"featured_media":0,"parent":0,"menu_order":0,"comment_status":"closed","ping_status":"closed","template":"","meta":{"footnotes":""},"class_list":["post-464","page","type-page","status-publish","hentry"],"_links":{"self":[{"href":"https:\/\/www.mosel-tueren.de\/fr\/wp-json\/wp\/v2\/pages\/464","targetHints":{"allow":["GET"]}}],"collection":[{"href":"https:\/\/www.mosel-tueren.de\/fr\/wp-json\/wp\/v2\/pages"}],"about":[{"href":"https:\/\/www.mosel-tueren.de\/fr\/wp-json\/wp\/v2\/types\/page"}],"author":[{"embeddable":true,"href":"https:\/\/www.mosel-tueren.de\/fr\/wp-json\/wp\/v2\/users\/1"}],"replies":[{"embeddable":true,"href":"https:\/\/www.mosel-tueren.de\/fr\/wp-json\/wp\/v2\/comments?post=464"}],"version-history":[{"count":20,"href":"https:\/\/www.mosel-tueren.de\/fr\/wp-json\/wp\/v2\/pages\/464\/revisions"}],"predecessor-version":[{"id":4451,"href":"https:\/\/www.mosel-tueren.de\/fr\/wp-json\/wp\/v2\/pages\/464\/revisions\/4451"}],"wp:attachment":[{"href":"https:\/\/www.mosel-tueren.de\/fr\/wp-json\/wp\/v2\/media?parent=464"}],"curies":[{"name":"wp","href":"https:\/\/api.w.org\/{rel}","templated":true}]}}