{"id":616,"date":"2024-12-11T09:48:24","date_gmt":"2024-12-11T08:48:24","guid":{"rendered":"https:\/\/www.mosel-tueren.de\/?page_id=616"},"modified":"2025-01-23T11:11:26","modified_gmt":"2025-01-23T10:11:26","slug":"imprint","status":"publish","type":"page","link":"https:\/\/www.mosel-tueren.de\/en\/imprint\/","title":{"rendered":"Imprint"},"content":{"rendered":"<div class=\"wp-block-group alignfull tape-bottom has-tertiary-super-light-background-color has-background has-global-padding is-layout-constrained wp-block-group-is-layout-constrained\" style=\"margin-bottom:var(--wp--preset--spacing--50);padding-top:var(--wp--preset--spacing--40);padding-bottom:var(--wp--preset--spacing--40)\">\n<h1 class=\"wp-block-heading has-text-align-center\">Imprint<\/h1>\n<\/div>\n\n\n\n<div class=\"wp-block-group has-global-padding is-layout-constrained wp-block-group-is-layout-constrained\">\n<h2 class=\"wp-block-heading\">Verantwortlich f\u00fcr den Inhalt<\/h2>\n\n\n\n<p>Mosel T\u00fcren Vertriebsgesellschaft mbH<br>Auf Wolfsgang \u00b7 54311 Trierweiler<br>Tel.: +49 0651&nbsp;81 06-01<br>E-Mail:&nbsp;<a href=\"mailto:info@mosel-tueren.de\">info@mosel-tueren.de<\/a><br>Eingetragen im Handelsregister Amtsgericht Wittlich \u2013 Register-Nr. HRB 3466<br>USt.-ID-Nummer: DE 811 848 742<\/p>\n\n\n\n<h3 class=\"wp-block-heading\">Gesch\u00e4ftsf\u00fchrer\/in<\/h3>\n\n\n\n<p>Frank Borne, Margret Borne-M\u00fcllerklein, Daniel M\u00fcllerklein<\/p>\n\n\n\n<h3 class=\"wp-block-heading\">Inhaltlich verantwortlich<\/h3>\n\n\n\n<p>Margret Borne-M\u00fcllerklein \u00b7 Auf Wolfsgang \u00b7 54311 Trierweiler<\/p>\n\n\n\n<p>Alle Informationen und Erkl\u00e4rungen dieser Internetseiten sind unverbindlich. Die Mosel T\u00fcren Vertriebsgesellschaft mbH \u00fcbernimmt f\u00fcr die Richtigkeit und Vollst\u00e4ndigkeit der Inhalte keine Gew\u00e4hr. Es wird keine Garantie \u00fcbernommen und keine Zusicherung von Produkteigenschaften gemacht. Aus den Inhalten der Internetseiten ergeben sich keine Rechtsanspr\u00fcche. Fehler im Inhalt werden bei Kenntnis dar\u00fcber unverz\u00fcglich korrigiert. Links auf andere Internetseiten werden nicht permanent kontrolliert. Somit \u00fcbernehmen wir keine Verantwortung f\u00fcr den Inhalt verlinkter Seiten.<\/p>\n\n\n\n<h3 class=\"wp-block-heading\">Herunterladen von Daten und Software<\/h3>\n\n\n\n<p>Die Mosel T\u00fcren Vertriebsgesellschaft mbH \u00fcbernimmt keine Gew\u00e4hr f\u00fcr die Fehlerfreiheit von Daten und Software, die von den Internetseiten heruntergeladen werden. Die Software wird von der Mosel T\u00fcren Vertriebsgesellschaft mbH auf Virenbefall \u00fcberpr\u00fcft. Wir empfehlen dennoch, Daten und Software nach dem Herunterladen auf Virenbefall mit jeweils neuester Virensuchsoftware zu pr\u00fcfen.<\/p>\n\n\n\n<h3 class=\"wp-block-heading\">Urheberrechte und sonstige Sonderschutzrechte<\/h3>\n\n\n\n<p>Inhalt und Struktur dieser Internetseiten ist urheberrechtlich gesch\u00fctzt. Vervielf\u00e4ltigungen von Informationen, Daten, Texten oder von Bildmaterial bedarf der vorherigen Zustimmung von Mosel T\u00fcren. Bei genannten Produkt- und Firmennamen kann es sich um eingetragene Warenzeichen oder Marken handeln. Die unberechtigte Verwendung kann zu Schadensersatzanspr\u00fcchen und Unterlassungsanspr\u00fcchen f\u00fchren.<\/p>\n\n\n\n<h3 class=\"wp-block-heading\">Haftung<\/h3>\n\n\n\n<p>Die Mosel T\u00fcren Vertriebsgesellschaft mbH haftet nicht f\u00fcr Sch\u00e4den die durch die Nutzung dieser Internetseiten oder das Herunterladen von Daten entstehen. Liegt bei einem entstandenen Schaden durch die Nutzung der Internetseiten oder das Herunterladen von Daten Vorsatz oder grobe Fahrl\u00e4ssigkeit vor, gilt der Haftungsausschluss nicht. Die durch die Nutzung der Internetseiten entstandene Rechtsbeziehung zwischen Ihnen und der Mosel T\u00fcren Vertriebsgesellschaft mbH unterliegt dem Recht der Bundesrepublik Deutschland. Bei Rechtsstreitigkeiten mit Vollkaufleuten, die aus der Nutzung dieser Internetseiten resultieren, ist der Gerichtsstand der Sitz der Mosel T\u00fcren Vertriebsgesellschaft mbH in Trier.<\/p>\n<\/div>","protected":false},"excerpt":{"rendered":"<p>Impressum Verantwortlich f\u00fcr den Inhalt Mosel T\u00fcren Vertriebsgesellschaft mbHAuf Wolfsgang \u00b7 54311 TrierweilerTel.: +49 0651&nbsp;81 06-01E-Mail:&nbsp;info@mosel-tueren.deEingetragen im Handelsregister Amtsgericht Wittlich<\/p>","protected":false},"author":1,"featured_media":0,"parent":0,"menu_order":0,"comment_status":"closed","ping_status":"closed","template":"","meta":{"footnotes":""},"class_list":["post-616","page","type-page","status-publish","hentry"],"_links":{"self":[{"href":"https:\/\/www.mosel-tueren.de\/en\/wp-json\/wp\/v2\/pages\/616","targetHints":{"allow":["GET"]}}],"collection":[{"href":"https:\/\/www.mosel-tueren.de\/en\/wp-json\/wp\/v2\/pages"}],"about":[{"href":"https:\/\/www.mosel-tueren.de\/en\/wp-json\/wp\/v2\/types\/page"}],"author":[{"embeddable":true,"href":"https:\/\/www.mosel-tueren.de\/en\/wp-json\/wp\/v2\/users\/1"}],"replies":[{"embeddable":true,"href":"https:\/\/www.mosel-tueren.de\/en\/wp-json\/wp\/v2\/comments?post=616"}],"version-history":[{"count":5,"href":"https:\/\/www.mosel-tueren.de\/en\/wp-json\/wp\/v2\/pages\/616\/revisions"}],"predecessor-version":[{"id":3738,"href":"https:\/\/www.mosel-tueren.de\/en\/wp-json\/wp\/v2\/pages\/616\/revisions\/3738"}],"wp:attachment":[{"href":"https:\/\/www.mosel-tueren.de\/en\/wp-json\/wp\/v2\/media?parent=616"}],"curies":[{"name":"wp","href":"https:\/\/api.w.org\/{rel}","templated":true}]}}