{"id":464,"date":"2024-11-19T15:11:53","date_gmt":"2024-11-19T14:11:53","guid":{"rendered":"https:\/\/www.mosel-tueren.de\/?page_id=464"},"modified":"2026-02-13T12:23:52","modified_gmt":"2026-02-13T11:23:52","slug":"about-us","status":"publish","type":"page","link":"https:\/\/www.mosel-tueren.de\/en\/about-us\/","title":{"rendered":"About us"},"content":{"rendered":"<p class=\"has-text-align-center has-xxx-large-font-size\">About us<\/p>\n\n\n\n<h1 class=\"wp-block-heading has-text-align-center has-large-font-size\"><strong>Mosel doors - tradition, innovation and reliable service for your home<\/strong><\/h1>\n\n\n\n<p class=\"has-text-align-center has-large-font-size translation-block\">We make doors. But that is not all we do: together with your specialist store, we ensure that you obtain the door you want easily and reliably, right up to installation in your home. We value convenience and commitment, while eschewing complexity and indifference. As you can see: there\u2019s more to a Mosel door that meets the eye \u2026<\/p>\n\n\n\n<div style=\"height:2em\" aria-hidden=\"true\" class=\"wp-block-spacer\"><\/div>\n\n\n\n<div class=\"wp-block-group alignwide tape-top has-tertiary-super-light-background-color has-background is-layout-flow wp-block-group-is-layout-flow\" style=\"padding-top:var(--wp--preset--spacing--50);padding-right:var(--wp--preset--spacing--50);padding-bottom:var(--wp--preset--spacing--50);padding-left:var(--wp--preset--spacing--50)\">\n<div class=\"wp-block-columns is-layout-flex wp-container-core-columns-is-layout-28f84493 wp-block-columns-is-layout-flex\">\n<div class=\"wp-block-column is-layout-flow wp-block-column-is-layout-flow\">\n<p style=\"margin-bottom:0\">Our origins<\/p>\n\n\n\n<h2 class=\"wp-block-heading translation-block\" style=\"margin-top:0;margin-bottom:var(--wp--preset--spacing--30)\"><strong>580 employees.<br>65 years of experience.<br>One family.<\/strong><\/h2>\n\n\n\n<p>We have been producing doors in Trierweiler, near the Mosel, for more than 65\u00a0years. When newly qualified master carpenter Klaus Borne founded the company in 1956, he quickly began to specialise in one product: good doors. This clear focus has been maintained by our grown family business to this day: We appreciate simply impressive solutions, clear and direct communication.<\/p>\n<\/div>\n\n\n\n<div class=\"wp-block-column is-layout-flow wp-block-column-is-layout-flow\">\n<figure class=\"wp-block-image size-large offset-top\"><img loading=\"lazy\" decoding=\"async\" width=\"1024\" height=\"1024\" src=\"https:\/\/www.mosel-tueren.de\/wp-content\/uploads\/mosel-tueren-geschaeftsleitung-1024x1024.jpg\" alt=\"The second and third generation of the family, Frank Borne, his sister Margret Borne-M\u00fcllerklein and his nephew Daniel M\u00fcllerklein, manages the family business today.\" class=\"wp-image-3772\" srcset=\"https:\/\/www.mosel-tueren.de\/wp-content\/uploads\/mosel-tueren-geschaeftsleitung-1024x1024.jpg 1024w, https:\/\/www.mosel-tueren.de\/wp-content\/uploads\/mosel-tueren-geschaeftsleitung-400x400.jpg 400w, https:\/\/www.mosel-tueren.de\/wp-content\/uploads\/mosel-tueren-geschaeftsleitung-200x200.jpg 200w, https:\/\/www.mosel-tueren.de\/wp-content\/uploads\/mosel-tueren-geschaeftsleitung-768x768.jpg 768w, https:\/\/www.mosel-tueren.de\/wp-content\/uploads\/mosel-tueren-geschaeftsleitung-1536x1536.jpg 1536w, https:\/\/www.mosel-tueren.de\/wp-content\/uploads\/mosel-tueren-geschaeftsleitung-12x12.jpg 12w, https:\/\/www.mosel-tueren.de\/wp-content\/uploads\/mosel-tueren-geschaeftsleitung-600x600.jpg 600w\" sizes=\"auto, (max-width: 1024px) 100vw, 1024px\" \/><figcaption class=\"wp-element-caption\">The second and third generation of the family, Frank Borne, his sister Margret Borne-M\u00fcllerklein and his nephew Daniel M\u00fcllerklein, manages the family business today.<\/figcaption><\/figure>\n<\/div>\n<\/div>\n\n\n\n<figure class=\"wp-block-image size-full\"><img decoding=\"async\" src=\"https:\/\/www.mosel-tueren.de\/wp-content\/uploads\/mosel-tueren-werk-illustration.svg\" alt=\"\" class=\"wp-image-1457\"\/><\/figure>\n\n\n\n<div class=\"wp-block-columns offset-top is-layout-flex wp-container-core-columns-is-layout-28f84493 wp-block-columns-is-layout-flex\">\n<div class=\"wp-block-column is-layout-flow wp-block-column-is-layout-flow\" style=\"flex-basis:50%\"><\/div>\n\n\n\n<div class=\"wp-block-column is-layout-flow wp-block-column-is-layout-flow\" style=\"flex-basis:350px\">\n<p class=\"has-small-font-size\">Our doors are manufactured exclusively in Germany by 580\u00a0employees within a space of some 93,000\u00a0m\u00b2 at our factory in Trierweiler, near the Mosel.<\/p>\n<\/div>\n<\/div>\n<\/div>\n\n\n\n<div style=\"height:2em\" aria-hidden=\"true\" class=\"wp-block-spacer\"><\/div>\n\n\n\n<div class=\"wp-block-columns alignwide reverse is-layout-flex wp-container-core-columns-is-layout-28f84493 wp-block-columns-is-layout-flex\">\n<div class=\"wp-block-column is-vertically-aligned-center is-layout-flow wp-block-column-is-layout-flow\">\n<p style=\"margin-bottom:0\">Our product<\/p>\n\n\n\n<h2 class=\"wp-block-heading translation-block\" style=\"margin-top:0;margin-bottom:var(--wp--preset--spacing--30)\"><strong>Design.<br>Quality.<br>Both timeless.<\/strong><\/h2>\n\n\n\n<p>We consider doors to be good when their design and quality stand the test of time: our door hinges, for instance, are opened and closed 100,000\u00a0times in a fatigue test. Our designs constantly set new standards: we were the first to develop the brightest white shades for doors that are perfectly matched to the most commonly sold wall paints: customers love our Polar white and many imitate it. Accolades that speak for themselves.<\/p>\n<\/div>\n\n\n\n<div class=\"wp-block-column is-layout-flow wp-block-column-is-layout-flow\">\n<figure class=\"wp-block-image size-large\"><img loading=\"lazy\" decoding=\"async\" width=\"1024\" height=\"1024\" src=\"https:\/\/www.mosel-tueren.de\/wp-content\/uploads\/designtueren-1024x1024.png\" alt=\"\" class=\"wp-image-1462\" srcset=\"https:\/\/www.mosel-tueren.de\/wp-content\/uploads\/designtueren-1024x1024.png 1024w, https:\/\/www.mosel-tueren.de\/wp-content\/uploads\/designtueren-400x400.png 400w, https:\/\/www.mosel-tueren.de\/wp-content\/uploads\/designtueren-200x200.png 200w, https:\/\/www.mosel-tueren.de\/wp-content\/uploads\/designtueren-768x768.png 768w, https:\/\/www.mosel-tueren.de\/wp-content\/uploads\/designtueren-1536x1536.png 1536w, https:\/\/www.mosel-tueren.de\/wp-content\/uploads\/designtueren-12x12.png 12w, https:\/\/www.mosel-tueren.de\/wp-content\/uploads\/designtueren-600x600.png 600w\" sizes=\"auto, (max-width: 1024px) 100vw, 1024px\" \/><\/figure>\n<\/div>\n<\/div>\n\n\n\n<div class=\"wp-block-columns alignwide is-layout-flex wp-container-core-columns-is-layout-28f84493 wp-block-columns-is-layout-flex\">\n<div class=\"wp-block-column is-vertically-aligned-center is-layout-flow wp-block-column-is-layout-flow\" style=\"flex-basis:25%\"><\/div>\n\n\n\n<div class=\"wp-block-column is-layout-flow wp-block-column-is-layout-flow\" style=\"flex-basis:50%\">\n<figure class=\"wp-block-image size-large\"><img loading=\"lazy\" decoding=\"async\" width=\"1024\" height=\"681\" src=\"https:\/\/www.mosel-tueren.de\/wp-content\/uploads\/mosel-tueren-qualitaetskontrolle-1024x681.jpg\" alt=\"\" class=\"wp-image-1463\" srcset=\"https:\/\/www.mosel-tueren.de\/wp-content\/uploads\/mosel-tueren-qualitaetskontrolle-1024x681.jpg 1024w, https:\/\/www.mosel-tueren.de\/wp-content\/uploads\/mosel-tueren-qualitaetskontrolle-400x266.jpg 400w, https:\/\/www.mosel-tueren.de\/wp-content\/uploads\/mosel-tueren-qualitaetskontrolle-200x133.jpg 200w, https:\/\/www.mosel-tueren.de\/wp-content\/uploads\/mosel-tueren-qualitaetskontrolle-768x512.jpg 768w, https:\/\/www.mosel-tueren.de\/wp-content\/uploads\/mosel-tueren-qualitaetskontrolle-1536x1021.jpg 1536w, https:\/\/www.mosel-tueren.de\/wp-content\/uploads\/mosel-tueren-qualitaetskontrolle-18x12.jpg 18w\" sizes=\"auto, (max-width: 1024px) 100vw, 1024px\" \/><\/figure>\n<\/div>\n\n\n\n<div class=\"wp-block-column is-vertically-aligned-center is-layout-flow wp-block-column-is-layout-flow\" style=\"flex-basis:25%\">\n<p class=\"has-small-font-size\">Before a door leaves our factory, it is subjected to several checks at digital test stations and to the critical eye of our door experts.<\/p>\n<\/div>\n<\/div>\n\n\n\n<div style=\"height:4em\" aria-hidden=\"true\" class=\"wp-block-spacer\"><\/div>\n\n\n\n<div class=\"wp-block-group alignwide tape-top has-tertiary-super-light-background-color has-background is-layout-flow wp-block-group-is-layout-flow\" style=\"padding-top:var(--wp--preset--spacing--50);padding-right:var(--wp--preset--spacing--50);padding-bottom:var(--wp--preset--spacing--50);padding-left:var(--wp--preset--spacing--50)\">\n<div class=\"wp-block-columns is-layout-flex wp-container-core-columns-is-layout-28f84493 wp-block-columns-is-layout-flex\">\n<div class=\"wp-block-column is-layout-flow wp-block-column-is-layout-flow\">\n<p style=\"margin-bottom:0\">Our production<\/p>\n\n\n\n<h2 class=\"wp-block-heading\" style=\"margin-top:0\"><strong>High quality.<br>Conscious use of resources.<br>Consistent implementation.<\/strong><\/h2>\n\n\n\n<div style=\"height:1em\" aria-hidden=\"true\" class=\"wp-block-spacer\"><\/div>\n\n\n\n<h2 class=\"wp-block-heading has-x-large-font-size\">Responsibility in manufacturing<\/h2>\n\n\n\n<p>As a family-run company, we think in generations. We take responsibility for the conscious use of energy and resources. Through continuous technical development and optimised processes, we reduce emissions and energy consumption at our plants. With our photovoltaic system and wood-fired power plant, we generate roughly as much energy as our plants need over the course of a year.<\/p>\n<\/div>\n\n\n\n<div class=\"wp-block-column is-layout-flow wp-block-column-is-layout-flow\">\n<figure class=\"wp-block-image size-large\"><img loading=\"lazy\" decoding=\"async\" width=\"1024\" height=\"1024\" src=\"https:\/\/www.mosel-tueren.de\/wp-content\/uploads\/mosel-tueren-holzheizkraftwerk-photovoltaik-1024x1024.jpg\" alt=\"\" class=\"wp-image-1474\" srcset=\"https:\/\/www.mosel-tueren.de\/wp-content\/uploads\/mosel-tueren-holzheizkraftwerk-photovoltaik-1024x1024.jpg 1024w, https:\/\/www.mosel-tueren.de\/wp-content\/uploads\/mosel-tueren-holzheizkraftwerk-photovoltaik-400x400.jpg 400w, https:\/\/www.mosel-tueren.de\/wp-content\/uploads\/mosel-tueren-holzheizkraftwerk-photovoltaik-200x200.jpg 200w, https:\/\/www.mosel-tueren.de\/wp-content\/uploads\/mosel-tueren-holzheizkraftwerk-photovoltaik-768x768.jpg 768w, https:\/\/www.mosel-tueren.de\/wp-content\/uploads\/mosel-tueren-holzheizkraftwerk-photovoltaik-12x12.jpg 12w, https:\/\/www.mosel-tueren.de\/wp-content\/uploads\/mosel-tueren-holzheizkraftwerk-photovoltaik-600x600.jpg 600w, https:\/\/www.mosel-tueren.de\/wp-content\/uploads\/mosel-tueren-holzheizkraftwerk-photovoltaik.jpg 1041w\" sizes=\"auto, (max-width: 1024px) 100vw, 1024px\" \/><figcaption class=\"wp-element-caption\">Our photovoltaic system now delivers 1,500 kWp \u2013 four times its original output. This is supplemented by electricity and heat from industrial waste wood, which we use in our wood-fired power station.<\/figcaption><\/figure>\n<\/div>\n<\/div>\n\n\n\n<div style=\"height:1em\" aria-hidden=\"true\" class=\"wp-block-spacer\"><\/div>\n\n\n\n<div class=\"wp-block-columns reverse is-layout-flex wp-container-core-columns-is-layout-14cf5ab5 wp-block-columns-is-layout-flex\">\n<div class=\"wp-block-column is-layout-flow wp-block-column-is-layout-flow\">\n<p class=\"has-x-large-font-size\">Doing more<\/p>\n\n\n\n<p>We constantly set the bar higher. We are developing our production level with the aim of optimising material usage and bundling processes in a effective way: The wood for our doors comes from sustainably managed forests. Supply channels are optimised by sourcing almost all raw materials and parts from Germany, many of them locally. We are gradually converting our vehicle fleet to electric cars with on-site charger stations. Our lacquered doors are tested for emissions and pollutants and meet the criteria for T\u00dcV certification. To reduce the use of plastic, we use recycled paper bubble wrap instead of foam for our frame packaging. We have been using corrugated cardboard for our doors for years.<\/p>\n<\/div>\n\n\n\n<div class=\"wp-block-column is-layout-flow wp-block-column-is-layout-flow\">\n<figure class=\"wp-block-image size-large\"><img loading=\"lazy\" decoding=\"async\" width=\"1024\" height=\"799\" src=\"https:\/\/www.mosel-tueren.de\/wp-content\/uploads\/mosel-tueren-qualitaetssicherung-1024x799.jpg\" alt=\"\" class=\"wp-image-1476\" srcset=\"https:\/\/www.mosel-tueren.de\/wp-content\/uploads\/mosel-tueren-qualitaetssicherung-1024x799.jpg 1024w, https:\/\/www.mosel-tueren.de\/wp-content\/uploads\/mosel-tueren-qualitaetssicherung-400x312.jpg 400w, https:\/\/www.mosel-tueren.de\/wp-content\/uploads\/mosel-tueren-qualitaetssicherung-200x156.jpg 200w, https:\/\/www.mosel-tueren.de\/wp-content\/uploads\/mosel-tueren-qualitaetssicherung-768x600.jpg 768w, https:\/\/www.mosel-tueren.de\/wp-content\/uploads\/mosel-tueren-qualitaetssicherung-1536x1199.jpg 1536w, https:\/\/www.mosel-tueren.de\/wp-content\/uploads\/mosel-tueren-qualitaetssicherung-15x12.jpg 15w\" sizes=\"auto, (max-width: 1024px) 100vw, 1024px\" \/><\/figure>\n\n\n\n<figure class=\"wp-block-image alignright size-large is-resized offset-top offset-right-small\"><img loading=\"lazy\" decoding=\"async\" width=\"1024\" height=\"613\" src=\"https:\/\/www.mosel-tueren.de\/wp-content\/uploads\/holz-nachhaltig-bewirtschaftete-waelder-1024x613.jpg\" alt=\"\" class=\"wp-image-1475\" style=\"width:339px;height:auto\" srcset=\"https:\/\/www.mosel-tueren.de\/wp-content\/uploads\/holz-nachhaltig-bewirtschaftete-waelder-1024x613.jpg 1024w, https:\/\/www.mosel-tueren.de\/wp-content\/uploads\/holz-nachhaltig-bewirtschaftete-waelder-400x240.jpg 400w, https:\/\/www.mosel-tueren.de\/wp-content\/uploads\/holz-nachhaltig-bewirtschaftete-waelder-200x120.jpg 200w, https:\/\/www.mosel-tueren.de\/wp-content\/uploads\/holz-nachhaltig-bewirtschaftete-waelder-768x460.jpg 768w, https:\/\/www.mosel-tueren.de\/wp-content\/uploads\/holz-nachhaltig-bewirtschaftete-waelder-1536x920.jpg 1536w, https:\/\/www.mosel-tueren.de\/wp-content\/uploads\/holz-nachhaltig-bewirtschaftete-waelder-18x12.jpg 18w\" sizes=\"auto, (max-width: 1024px) 100vw, 1024px\" \/><\/figure>\n\n\n\n<div style=\"height:1em\" aria-hidden=\"true\" class=\"wp-block-spacer\"><\/div>\n\n\n\n\n\n<figure class=\"wp-block-image size-large\"><img loading=\"lazy\" decoding=\"async\" width=\"1024\" height=\"317\" src=\"https:\/\/www.mosel-tueren.de\/wp-content\/uploads\/mosel-tueren-zertifikate-en-1024x317.png\" alt=\"Most of our products are T\u00dcV-certified.\" class=\"wp-image-3770\" srcset=\"https:\/\/www.mosel-tueren.de\/wp-content\/uploads\/mosel-tueren-zertifikate-en-1024x317.png 1024w, https:\/\/www.mosel-tueren.de\/wp-content\/uploads\/mosel-tueren-zertifikate-en-400x124.png 400w, https:\/\/www.mosel-tueren.de\/wp-content\/uploads\/mosel-tueren-zertifikate-en-200x62.png 200w, https:\/\/www.mosel-tueren.de\/wp-content\/uploads\/mosel-tueren-zertifikate-en-768x238.png 768w, https:\/\/www.mosel-tueren.de\/wp-content\/uploads\/mosel-tueren-zertifikate-en-1536x476.png 1536w, https:\/\/www.mosel-tueren.de\/wp-content\/uploads\/mosel-tueren-zertifikate-en-18x6.png 18w\" sizes=\"auto, (max-width: 1024px) 100vw, 1024px\" \/><\/figure>\n\n\n<\/div>\n<\/div>\n<\/div>\n\n\n\n<div style=\"height:2em\" aria-hidden=\"true\" class=\"wp-block-spacer\"><\/div>\n\n\n\n<div class=\"wp-block-columns alignwide is-layout-flex wp-container-core-columns-is-layout-28f84493 wp-block-columns-is-layout-flex\">\n<div class=\"wp-block-column is-layout-flow wp-block-column-is-layout-flow\">\n<figure class=\"wp-block-image size-full is-resized\"><img decoding=\"async\" src=\"https:\/\/www.mosel-tueren.de\/wp-content\/uploads\/professionelle-beratung.svg\" alt=\"\" class=\"wp-image-610\" style=\"width:477px;height:auto\"\/><\/figure>\n<\/div>\n\n\n\n<div class=\"wp-block-column is-layout-flow wp-block-column-is-layout-flow\">\n<p style=\"margin-bottom:0\">Our service<\/p>\n\n\n\n<h2 class=\"wp-block-heading translation-block\" style=\"margin-top:0;margin-bottom:var(--wp--preset--spacing--30)\"><strong>Direct.<br>Personal.<br>Attentive.<\/strong><\/h2>\n\n\n\n<p class=\"has-large-font-size\">Our commitment continues after delivery. We want you to feel completely \u2013 and permanently \u2013 satisfied. In our view, on the other side of every good door is a reliable, experienced partner. This is why Mosel doors are exclusively available from specialist shops, where expert advice is guaranteed by local professionals.<\/p>\n\n\n\n<p>Local experts assist you from taking measurements, ordering to delivery and installation \u2013 opening the door to reliable and convenient service all round.<\/p>\n<\/div>\n<\/div>","protected":false},"excerpt":{"rendered":"<p>\u00dcber uns Mosel T\u00fcren \u2013 Tradition, Innovation und zuverl\u00e4ssiger Service f\u00fcr Ihr Zuhause Wir bauen T\u00fcren. Aber das ist nicht<\/p>","protected":false},"author":1,"featured_media":0,"parent":0,"menu_order":0,"comment_status":"closed","ping_status":"closed","template":"","meta":{"footnotes":""},"class_list":["post-464","page","type-page","status-publish","hentry"],"_links":{"self":[{"href":"https:\/\/www.mosel-tueren.de\/en\/wp-json\/wp\/v2\/pages\/464","targetHints":{"allow":["GET"]}}],"collection":[{"href":"https:\/\/www.mosel-tueren.de\/en\/wp-json\/wp\/v2\/pages"}],"about":[{"href":"https:\/\/www.mosel-tueren.de\/en\/wp-json\/wp\/v2\/types\/page"}],"author":[{"embeddable":true,"href":"https:\/\/www.mosel-tueren.de\/en\/wp-json\/wp\/v2\/users\/1"}],"replies":[{"embeddable":true,"href":"https:\/\/www.mosel-tueren.de\/en\/wp-json\/wp\/v2\/comments?post=464"}],"version-history":[{"count":20,"href":"https:\/\/www.mosel-tueren.de\/en\/wp-json\/wp\/v2\/pages\/464\/revisions"}],"predecessor-version":[{"id":4451,"href":"https:\/\/www.mosel-tueren.de\/en\/wp-json\/wp\/v2\/pages\/464\/revisions\/4451"}],"wp:attachment":[{"href":"https:\/\/www.mosel-tueren.de\/en\/wp-json\/wp\/v2\/media?parent=464"}],"curies":[{"name":"wp","href":"https:\/\/api.w.org\/{rel}","templated":true}]}}