{"id":4499,"date":"2026-03-09T14:18:09","date_gmt":"2026-03-09T13:18:09","guid":{"rendered":"https:\/\/www.mosel-tueren.de\/?page_id=4499"},"modified":"2026-03-10T11:16:59","modified_gmt":"2026-03-10T10:16:59","slug":"masse-fuer-zargen","status":"publish","type":"page","link":"https:\/\/www.mosel-tueren.de\/en\/masse-fuer-zargen\/","title":{"rendered":"Ma\u00dfe f\u00fcr Zargen"},"content":{"rendered":"<h1 class=\"wp-block-heading\"><strong>Ma\u00dfe f\u00fcr Zargen<\/strong><\/h1>\n\n\n\n<p>(alle Ma\u00dfe in Millimetern)<\/p>\n\n\n\n<div class=\"wp-block-group is-nowrap is-layout-flex wp-container-core-group-is-layout-178f7394 wp-block-group-is-layout-flex\" style=\"margin-top:var(--wp--preset--spacing--40)\">\n<p class=\"wp-container-content-da09a7bf\">Messen Sie die Mauerst\u00e4rke. Anhand der Tabelle unten sehen Sie, ob Sie eine Normzarge oder eine zweischalige Zarge f\u00fcr besonders gro\u00dfe Wandst\u00e4rken ben\u00f6tigen.<\/p>\n\n\n\n<figure class=\"wp-block-image size-full is-resized wp-container-content-29dca9c1\"><img decoding=\"async\" src=\"https:\/\/www.mosel-tueren.de\/wp-content\/uploads\/wandstaerke-1.svg\" alt=\"\" class=\"wp-image-3720\" style=\"width:150px\"\/><figcaption class=\"wp-element-caption\">Wandst\u00e4rke einschlie\u00dflich<br>Putz, Kacheln etc.<\/figcaption><\/figure>\n<\/div>\n\n\n\n<div style=\"height:2em\" aria-hidden=\"true\" class=\"wp-block-spacer\"><\/div>\n\n\n\n<h2 class=\"wp-block-heading\"><strong>Verstellbereich der Zargen<\/strong><\/h2>\n\n\n\n<p>Nach Wandst\u00e4rke<\/p>\n\n\n\n<p><strong>Mosel Normzarge<\/strong> f\u00fcr folgende Wandst\u00e4rken in mm<\/p>\n\n\n\n<figure class=\"wp-block-table tuerdaten\"><table class=\"has-tertiary-super-light-background-color has-background has-fixed-layout\"><thead><tr><th>80<\/th><th>100<\/th><th>120<\/th><th>140<\/th><th>160<\/th><th>180<\/th><th>200<\/th><\/tr><\/thead><tbody><tr><td>75\u201395<\/td><td>95\u2013115<\/td><td>115\u2013135<\/td><td>135\u2013155<\/td><td>155\u2013175<\/td><td>175\u2013195<\/td><td>195\u2013215<\/td><\/tr><\/tbody><\/table><\/figure>\n\n\n\n<figure class=\"wp-block-table tuerdaten\"><table class=\"has-tertiary-super-light-background-color has-background has-fixed-layout\"><thead><tr><th>220<\/th><th>240<\/th><th>265<\/th><th>280<\/th><th>300<\/th><th>330<\/th><\/tr><\/thead><tbody><tr><td>215\u2013235<\/td><td>235\u2013255<\/td><td>260\u2013280<\/td><td>275\u2013295<\/td><td>295\u2013315<\/td><td>325\u2013345<\/td><\/tr><\/tbody><\/table><\/figure>\n\n\n\n<p><strong>Zarge <\/strong>f\u00fcr folgende Wandst\u00e4rken in mm<\/p>\n\n\n\n<figure class=\"wp-block-table tuerdaten\"><table class=\"has-tertiary-super-light-background-color has-background has-fixed-layout\"><thead><tr><th>350<\/th><th>370<\/th><th>390<\/th><th>410<\/th><th>430<\/th><th>450<\/th><th>470<\/th><th>490<\/th><th>500<\/th><\/tr><\/thead><tbody><tr><td>345\u2013365<\/td><td>365\u2013385<\/td><td>385\u2013405<\/td><td>405\u2013425<\/td><td>425\u2013445<\/td><td>445\u2013465<\/td><td>465\u2013485<\/td><td>485\u2013505<\/td><td>495\u2013515<\/td><\/tr><\/tbody><\/table><\/figure>\n\n\n\n<p class=\"has-small-font-size\">Ohne Verleimung: Verstellbereich \u20135\/+15 Millimeter (von\u2009\u2013\u2009bis).<br>Wir empfehlen, den Sitz der Bekleidung zu pr\u00fcfen und die Zierbekleidung bei Bedarf punktweise zu verleimen.<br>Befindet sich die gemessene Wandst\u00e4rke im Grenzbereich (z.\u2009B. 155 Millimeter), empfehlen wir die Zarge f\u00fcr die n\u00e4chstgr\u00f6\u00dfere Wandst\u00e4rke zu&nbsp;bestellen.<\/p>\n\n\n\n<div style=\"height:2em\" aria-hidden=\"true\" class=\"wp-block-spacer\"><\/div>\n\n\n\n<h2 class=\"wp-block-heading\"><strong>Ma\u00dfe f\u00fcr zweischalige Zargen<\/strong><\/h2>\n\n\n\n<p>Nach Wandst\u00e4rke<\/p>\n\n\n\n<figure class=\"wp-block-table tuerdaten\"><table class=\"has-tertiary-super-light-background-color has-background has-fixed-layout\"><thead><tr><th>Wandst\u00e4rke in mm<\/th><th>Futter<\/th><th>Fuge<\/th><th>Durchgangsfutter (Dufu)<\/th><th>Verstellbereiche<\/th><\/tr><\/thead><tbody><tr><td>520<\/td><td>260<\/td><td>10<\/td><td>245<\/td><td>515\u2013535<\/td><\/tr><tr><td>540<\/td><td>270<\/td><td>10<\/td><td>255<\/td><td>535\u2013555<\/td><\/tr><tr><td>560<\/td><td>280<\/td><td>10<\/td><td>265<\/td><td>555\u2013575<\/td><\/tr><tr><td>580<\/td><td>290<\/td><td>10<\/td><td>275<\/td><td>575\u2013595<\/td><\/tr><tr><td>600<\/td><td>300<\/td><td>10<\/td><td>285<\/td><td>595\u2013615<\/td><\/tr><tr><td>620<\/td><td>310<\/td><td>10<\/td><td>295<\/td><td>615\u2013635<\/td><\/tr><tr><td>640<\/td><td>320<\/td><td>10<\/td><td>305<\/td><td>635\u2013655<\/td><\/tr><\/tbody><\/table><\/figure>\n\n\n\n<p class=\"has-small-font-size\">Der Verstellbereich kann \u00fcber eine gr\u00f6\u00dfere Sichtfuge zus\u00e4tzlich um +10 Millimeter erweitert werden, indem Sie die Verbindungsfedern nicht&nbsp;komplett einschieben.<br>Verstellbereich \u20135\/+15 Millimeter (von\u2009\u2013\u2009bis).<br>Wir empfehlen, den Sitz der Bekleidung zu pr\u00fcfen und die Zierbekleidung bei Bedarf punktweise zu verleimen.<br>Befindet sich die gemessene Wandst\u00e4rke im Grenzbereich (z.\u2009B. 535 Millimeter), empfehlen wir die Zarge f\u00fcr die n\u00e4chstgr\u00f6\u00dfere Wandst\u00e4rke zu&nbsp;bestellen.<\/p>\n\n\n\n<div style=\"height:2em\" aria-hidden=\"true\" class=\"wp-block-spacer\"><\/div>\n\n\n\n<div class=\"wp-block-columns is-layout-flex wp-container-core-columns-is-layout-28f84493 wp-block-columns-is-layout-flex\">\n<div class=\"wp-block-column is-layout-flow wp-block-column-is-layout-flow\">\n<figure class=\"wp-block-image size-full\"><img decoding=\"async\" src=\"https:\/\/www.mosel-tueren.de\/wp-content\/uploads\/Zargen-Querschnitt.svg\" alt=\"\" class=\"wp-image-4502\"\/><\/figure>\n<\/div>\n\n\n\n<div class=\"wp-block-column is-layout-flow wp-block-column-is-layout-flow\">\n<ol class=\"wp-block-list\">\n<li class=\"has-small-font-size\">Futter (mit Bandaufnahme und Schlie\u00dfblech)<\/li>\n\n\n\n<li class=\"has-small-font-size\">Fuge (mit Feder zur Verbindung der Zargenteile)<\/li>\n\n\n\n<li class=\"has-small-font-size\">Dufu (Durchgangszarge mit loser Zierbekleidung)<\/li>\n<\/ol>\n<\/div>\n<\/div>","protected":false},"excerpt":{"rendered":"<p>Ma\u00dfe f\u00fcr Zargen (alle Ma\u00dfe in Millimetern) Messen Sie die Mauerst\u00e4rke. Anhand der Tabelle unten sehen Sie, ob Sie eine<\/p>","protected":false},"author":1,"featured_media":0,"parent":0,"menu_order":0,"comment_status":"closed","ping_status":"closed","template":"","meta":{"footnotes":""},"class_list":["post-4499","page","type-page","status-publish","hentry"],"_links":{"self":[{"href":"https:\/\/www.mosel-tueren.de\/en\/wp-json\/wp\/v2\/pages\/4499","targetHints":{"allow":["GET"]}}],"collection":[{"href":"https:\/\/www.mosel-tueren.de\/en\/wp-json\/wp\/v2\/pages"}],"about":[{"href":"https:\/\/www.mosel-tueren.de\/en\/wp-json\/wp\/v2\/types\/page"}],"author":[{"embeddable":true,"href":"https:\/\/www.mosel-tueren.de\/en\/wp-json\/wp\/v2\/users\/1"}],"replies":[{"embeddable":true,"href":"https:\/\/www.mosel-tueren.de\/en\/wp-json\/wp\/v2\/comments?post=4499"}],"version-history":[{"count":4,"href":"https:\/\/www.mosel-tueren.de\/en\/wp-json\/wp\/v2\/pages\/4499\/revisions"}],"predecessor-version":[{"id":4523,"href":"https:\/\/www.mosel-tueren.de\/en\/wp-json\/wp\/v2\/pages\/4499\/revisions\/4523"}],"wp:attachment":[{"href":"https:\/\/www.mosel-tueren.de\/en\/wp-json\/wp\/v2\/media?parent=4499"}],"curies":[{"name":"wp","href":"https:\/\/api.w.org\/{rel}","templated":true}]}}