{"id":4495,"date":"2026-03-09T13:45:46","date_gmt":"2026-03-09T12:45:46","guid":{"rendered":"https:\/\/www.mosel-tueren.de\/?page_id=4495"},"modified":"2026-03-10T11:13:06","modified_gmt":"2026-03-10T10:13:06","slug":"masse-fuer-glastueren-und-glas-schiebetueren","status":"publish","type":"page","link":"https:\/\/www.mosel-tueren.de\/en\/masse-fuer-glastueren-und-glas-schiebetueren\/","title":{"rendered":"Ma\u00dfe f\u00fcr Glast\u00fcren und Glas-Schiebet\u00fcren"},"content":{"rendered":"<h2 class=\"wp-block-heading\"><strong>Ma\u00dfe f\u00fcr Glast\u00fcren und Glas-Schiebet\u00fcren<\/strong><\/h2>\n\n\n\n<p>(alle Ma\u00dfe in Millimetern)<\/p>\n\n\n\n<div class=\"wp-block-group is-content-justification-right is-nowrap is-layout-flex wp-container-core-group-is-layout-7f642d7e wp-block-group-is-layout-flex\" style=\"margin-top:var(--wp--preset--spacing--40)\">\n<figure class=\"wp-block-image size-full is-resized\"><img decoding=\"async\" src=\"https:\/\/www.mosel-tueren.de\/wp-content\/uploads\/rohbau-maueroeffnung-breite.svg\" alt=\"\" class=\"wp-image-1187\" style=\"width:150px\"\/><figcaption class=\"wp-element-caption\">Rohbau-<br>Mauer\u00f6ffnungsbreite<\/figcaption><\/figure>\n\n\n\n<figure class=\"wp-block-image size-full is-resized\"><img decoding=\"async\" src=\"https:\/\/www.mosel-tueren.de\/wp-content\/uploads\/rohbau-maueroeffnung-hoehe.svg\" alt=\"\" class=\"wp-image-1188\" style=\"width:150px\"\/><figcaption class=\"wp-element-caption\">Rohbau-<br>Mauer\u00f6ffnungsh\u00f6he<\/figcaption><\/figure>\n<\/div>\n\n\n\n<h3 class=\"wp-block-heading\"><strong>Ma\u00dfe f\u00fcr einflg. Glast\u00fcren<\/strong> (Breite)<\/h3>\n\n\n\n<figure class=\"wp-block-table tuerdaten\"><table class=\"has-tertiary-super-light-background-color has-background has-fixed-layout\"><thead><tr><th>Mauer\u00f6ffnung (min.\u2013max.)<\/th><th>T\u00fcrblatt\u00adau\u00dfen\u00adma\u00df<\/th><th>Zargen\u00adfalzma\u00df<\/th><th>Futter\u00adplatten\u00adau\u00dfen\u00adma\u00df<\/th><th>Zargen\u00adau\u00dfen\u00adma\u00df 60\/70&nbsp;mm&nbsp;BB*<\/th><\/tr><\/thead><tbody><tr><td>750\u2013790<\/td><td>709<\/td><td>716<\/td><td>738<\/td><td>836\/856<\/td><\/tr><tr><td>875\u2013915<\/td><td>834<\/td><td>841<\/td><td>863<\/td><td>961\/981<\/td><\/tr><tr><td>1000\u20131040<\/td><td>959<\/td><td>966<\/td><td>988<\/td><td>1086\/1106<\/td><\/tr><\/tbody><\/table><\/figure>\n\n\n\n<p class=\"has-small-font-size\">* Bekleidungsbreite<\/p>\n\n\n\n<div style=\"height:2em\" aria-hidden=\"true\" class=\"wp-block-spacer\"><\/div>\n\n\n\n<h3 class=\"wp-block-heading\"><strong>Ma\u00dfe f\u00fcr einflg. Glast\u00fcren <\/strong>(H\u00f6he)<\/h3>\n\n\n\n<figure class=\"wp-block-table tuerdaten\"><table class=\"has-tertiary-super-light-background-color has-background has-fixed-layout\"><thead><tr><th>Mauer\u00f6ffnung (min.\u2013max.)<\/th><th>T\u00fcrblatt\u00adau\u00dfen\u00adma\u00df<\/th><th>Zargen\u00adfalzma\u00df<\/th><th>Futter\u00adplatten\u00adau\u00dfen\u00adma\u00df<\/th><th>Zargen\u00adau\u00dfen\u00adma\u00df 60\/70&nbsp;mm&nbsp;BB*<\/th><\/tr><\/thead><tbody><tr><td>2000\u20132025<\/td><td>1972<\/td><td>1983<\/td><td>1994<\/td><td>2043\/2053<\/td><\/tr><tr><td>2125\u20132150<\/td><td>2097<\/td><td>2108<\/td><td>2119<\/td><td>2168\/2178<\/td><\/tr><\/tbody><\/table><\/figure>\n\n\n\n<p class=\"has-small-font-size\">* Bekleidungsbreite<\/p>\n\n\n\n<div style=\"height:2em\" aria-hidden=\"true\" class=\"wp-block-spacer\"><\/div>\n\n\n\n<h3 class=\"wp-block-heading\"><strong>Ma\u00dfe f\u00fcr zweiflg. Glast\u00fcren <\/strong>(Breite)<\/h3>\n\n\n\n<figure class=\"wp-block-table tuerdaten\"><table class=\"has-tertiary-super-light-background-color has-background has-fixed-layout\"><thead><tr><th>Mauer\u00f6ffnung (min.\u2013max.)<\/th><th>T\u00fcrblatt\u00adau\u00dfen\u00adma\u00df<\/th><th>Zargen\u00adfalzma\u00df<\/th><th>Futter\u00adplatten\u00adau\u00dfen\u00adma\u00df<\/th><th>Zargen\u00adau\u00dfen\u00adma\u00df 60\/70&nbsp;mm&nbsp;BB*<\/th><\/tr><\/thead><tbody><tr><td>1475\u20131510<\/td><td>2\u2009\u00d7\u2009709<\/td><td>1429<\/td><td>1451<\/td><td>1549\/1569<\/td><\/tr><tr><td>1725\u20131760<\/td><td>2\u2009\u00d7\u2009834<\/td><td>1679<\/td><td>1701<\/td><td>1799\/1819<\/td><\/tr><tr><td>1975\u20132010<\/td><td>2\u2009\u00d7\u2009959<\/td><td>1929<\/td><td>1951<\/td><td>2049\/2069<\/td><\/tr><\/tbody><\/table><\/figure>\n\n\n\n<p class=\"has-small-font-size\">* Bekleidungsbreite<\/p>\n\n\n\n<div style=\"height:2em\" aria-hidden=\"true\" class=\"wp-block-spacer\"><\/div>\n\n\n\n<h3 class=\"wp-block-heading\"><strong>Ma\u00dfe f\u00fcr zweiflg. Glast\u00fcren <\/strong>(H\u00f6he)<\/h3>\n\n\n\n<figure class=\"wp-block-table tuerdaten\"><table class=\"has-tertiary-super-light-background-color has-background has-fixed-layout\"><thead><tr><th>Mauer\u00f6ffnung (min.\u2013max.)<\/th><th>T\u00fcrblatt\u00adau\u00dfen\u00adma\u00df<\/th><th>Zargen\u00adfalzma\u00df<\/th><th>Futter\u00adplatten\u00adau\u00dfen\u00adma\u00df<\/th><th>Zargen\u00adau\u00dfen\u00adma\u00df 60\/70&nbsp;mm&nbsp;BB*<\/th><\/tr><\/thead><tbody><tr><td>2000\u20132025<\/td><td>1972<\/td><td>1983<\/td><td>1994<\/td><td>2043\/2053<\/td><\/tr><tr><td>2125\u20132150<\/td><td>2097<\/td><td>2108<\/td><td>2119<\/td><td>2168\/2178<\/td><\/tr><\/tbody><\/table><\/figure>\n\n\n\n<p class=\"has-small-font-size\">* Bekleidungsbreite<\/p>\n\n\n\n<div style=\"height:2em\" aria-hidden=\"true\" class=\"wp-block-spacer\"><\/div>\n\n\n\n<h3 class=\"wp-block-heading\"><strong>Ma\u00dfe f\u00fcr einflg. Glas-Schiebet\u00fcren <\/strong>(Breite)<\/h3>\n\n\n\n<p>Vor der Wand laufend<\/p>\n\n\n\n<figure class=\"wp-block-table tuerdaten\"><table class=\"has-tertiary-super-light-background-color has-background has-fixed-layout\"><thead><tr><th>Mauer\u00f6ffnung (min.\u2013max.)<\/th><th>T\u00fcrblatt\u00adau\u00dfen\u00adma\u00df<\/th><th>Schienen\u00adl\u00e4nge<\/th><\/tr><\/thead><tbody><tr><td>715\u2013810<\/td><td>850<\/td><td>2000<\/td><\/tr><tr><td>815\u2013910<\/td><td>950<\/td><td>2000<\/td><\/tr><tr><td>915\u20131010<\/td><td>1050<\/td><td>2200<\/td><\/tr><\/tbody><\/table><\/figure>\n\n\n\n<div style=\"height:2em\" aria-hidden=\"true\" class=\"wp-block-spacer\"><\/div>\n\n\n\n<h3 class=\"wp-block-heading\"><strong>Ma\u00dfe f\u00fcr einflg. Glas-Schiebet\u00fcren <\/strong>(H\u00f6he)<\/h3>\n\n\n\n<p>Vor der Wand laufend<\/p>\n\n\n\n<figure class=\"wp-block-table tuerdaten\"><table class=\"has-tertiary-super-light-background-color has-background has-fixed-layout\"><thead><tr><th>Mauer\u00f6ffnung (min.\u2013max.)<\/th><th>T\u00fcrblatt\u00adau\u00dfen\u00adma\u00df<\/th><\/tr><\/thead><tbody><tr><td>1970\u20132010<\/td><td>2030<\/td><\/tr><tr><td>2090\u20132130<\/td><td>2155<\/td><\/tr><\/tbody><\/table><\/figure>\n\n\n\n<div style=\"height:2em\" aria-hidden=\"true\" class=\"wp-block-spacer\"><\/div>\n\n\n\n<p>Alle Ma\u00dfe hier sind f\u00fcr eine verputzte Mauerlaibung ohne Holzzarge.<\/p>\n\n\n\n<p>F\u00fcr einige Funktionst\u00fcren wie Schiebe- oder Sicherheitst\u00fcren oder Glast\u00fcren gibt es bei der Montage noch besondere Aspekte zu beachten. Ihr Fachh\u00e4ndler kann Ihnen hierzu besondere Hinweise geben.<\/p>","protected":false},"excerpt":{"rendered":"<p>Ma\u00dfe f\u00fcr Glast\u00fcren und Glas-Schiebet\u00fcren (alle Ma\u00dfe in Millimetern) Ma\u00dfe f\u00fcr einflg. Glast\u00fcren (Breite) Mauer\u00f6ffnung (min.\u2013max.) T\u00fcrblatt\u00adau\u00dfen\u00adma\u00df Zargen\u00adfalzma\u00df Futter\u00adplatten\u00adau\u00dfen\u00adma\u00df Zargen\u00adau\u00dfen\u00adma\u00df<\/p>","protected":false},"author":1,"featured_media":0,"parent":0,"menu_order":0,"comment_status":"closed","ping_status":"closed","template":"","meta":{"footnotes":""},"class_list":["post-4495","page","type-page","status-publish","hentry"],"_links":{"self":[{"href":"https:\/\/www.mosel-tueren.de\/en\/wp-json\/wp\/v2\/pages\/4495","targetHints":{"allow":["GET"]}}],"collection":[{"href":"https:\/\/www.mosel-tueren.de\/en\/wp-json\/wp\/v2\/pages"}],"about":[{"href":"https:\/\/www.mosel-tueren.de\/en\/wp-json\/wp\/v2\/types\/page"}],"author":[{"embeddable":true,"href":"https:\/\/www.mosel-tueren.de\/en\/wp-json\/wp\/v2\/users\/1"}],"replies":[{"embeddable":true,"href":"https:\/\/www.mosel-tueren.de\/en\/wp-json\/wp\/v2\/comments?post=4495"}],"version-history":[{"count":4,"href":"https:\/\/www.mosel-tueren.de\/en\/wp-json\/wp\/v2\/pages\/4495\/revisions"}],"predecessor-version":[{"id":4521,"href":"https:\/\/www.mosel-tueren.de\/en\/wp-json\/wp\/v2\/pages\/4495\/revisions\/4521"}],"wp:attachment":[{"href":"https:\/\/www.mosel-tueren.de\/en\/wp-json\/wp\/v2\/media?parent=4495"}],"curies":[{"name":"wp","href":"https:\/\/api.w.org\/{rel}","templated":true}]}}